{"id":705,"date":"2023-09-03T15:40:44","date_gmt":"2023-09-03T12:40:44","guid":{"rendered":"https:\/\/paripesalive.com\/bonuses\/"},"modified":"2024-05-27T15:13:39","modified_gmt":"2024-05-27T12:13:39","slug":"bonuses","status":"publish","type":"page","link":"https:\/\/paripesalive.com\/it\/bonuses\/","title":{"rendered":"PariPesa BONUS E PROMOZIONI"},"content":{"rendered":"<section class=\"l-section wpb_row height_auto width_custom with_img\" style=\"--site-content-width:1100px;\"><div class=\"l-section-img\" role=\"img\" data-img-width=\"925\" data-img-height=\"424\" style=\"background-image: url(https:\/\/paripesalive.com\/wp-content\/uploads\/2023\/09\/22bet-br-1.jpg);\"><\/div><div class=\"l-section-overlay\" style=\"background:rgba(0,0,0,0.20)\"><\/div><div class=\"l-section-h i-cf\"><div class=\"g-cols vc_row via_grid cols_1 laptops-cols_inherit tablets-cols_inherit mobiles-cols_1 valign_top type_default stacking_default\"><div class=\"wpb_column vc_column_container\"><div class=\"vc_column-inner\"><div class=\"g-cols wpb_row us_custom_a9fd8ff6 via_grid cols_2-1 laptops-cols_inherit tablets-cols_inherit mobiles-cols_1 valign_bottom type_default stacking_default\"><div class=\"wpb_column vc_column_container\"><div class=\"vc_column-inner\"><\/div><\/div><div class=\"wpb_column vc_column_container us_custom_69dd7e81 has_bg_color\"><div class=\"vc_column-inner\"><div class=\"w-separator size_custom\" style=\"height:30px\"><\/div><div class=\"w-text us_custom_36183122 has_text_color\"><span url class=\"w-text-h\"><span class=\"w-text-value\">PariPesa BONUS E PROMOZIONI<\/span><\/span><\/div><div class=\"w-separator size_custom\" style=\"height:30px\"><\/div><div class=\"w-btn-wrapper align_left\"><a class=\"w-btn us-btn-style_1 us_custom_d5c74bc1\" href=\"https:\/\/paripesalive.com\/go\/bonus\"><span class=\"w-btn-label\">ISCRIZIONE<\/span><\/a><\/div><div class=\"w-separator size_custom\" style=\"height:30px\"><\/div><\/div><\/div><\/div><\/div><\/div><\/div><\/div><\/section><section class=\"l-section wpb_row height_auto width_custom with_img\" style=\"--site-content-width:1100px;\"><div class=\"l-section-img\" role=\"img\" data-img-width=\"925\" data-img-height=\"424\" style=\"background-image: url(https:\/\/paripesalive.com\/wp-content\/uploads\/2023\/09\/22bet-br-1.jpg);\"><\/div><div class=\"l-section-overlay\" style=\"background:rgba(0,0,0,0.20)\"><\/div><div class=\"l-section-h i-cf\"><div class=\"g-cols vc_row via_grid cols_1 laptops-cols_inherit tablets-cols_inherit mobiles-cols_1 valign_top type_default stacking_default\"><div class=\"wpb_column vc_column_container\"><div class=\"vc_column-inner\"><div class=\"w-hwrapper valign_top wrap stack_on_mobiles align_center\" style=\"--hwrapper-gap:0px\"><div class=\"w-btn-wrapper align_center\"><a class=\"w-btn us-btn-style_4 us_custom_e645dbf4 icon_atleft\" href=\"https:\/\/paripesalive.com\/go\/bonus\"><i class=\"far fa-futbol\"><\/i><span class=\"w-btn-label\">FOOTBALL<\/span><\/a><\/div><div class=\"w-btn-wrapper align_center\"><a class=\"w-btn us-btn-style_4 us_custom_ef548e81 icon_atleft\" href=\"https:\/\/paripesalive.com\/go\/bonus\"><i class=\"far fa-basketball-ball\"><\/i><span class=\"w-btn-label\">BASKETBALL<\/span><\/a><\/div><div class=\"w-btn-wrapper align_center\"><a class=\"w-btn us-btn-style_4 us_custom_2d395f04 icon_atleft\" href=\"https:\/\/paripesalive.com\/go\/bonus\"><i class=\"far fa-hockey-sticks\"><\/i><span class=\"w-btn-label\">HOCKEY<\/span><\/a><\/div><div class=\"w-btn-wrapper align_center\"><a class=\"w-btn us-btn-style_4 us_custom_2d395f04 icon_atleft\" href=\"https:\/\/paripesalive.com\/go\/bonus\"><i class=\"far fa-football-ball\"><\/i><span class=\"w-btn-label\">RUGBY<\/span><\/a><\/div><div class=\"w-btn-wrapper align_center\"><a class=\"w-btn us-btn-style_4 us_custom_e645dbf4 icon_atleft\" href=\"https:\/\/paripesalive.com\/go\/bonus\"><i class=\"far fa-gamepad-alt\"><\/i><span class=\"w-btn-label\">ESPORTS<\/span><\/a><\/div><\/div><\/div><\/div><\/div><\/div><\/section><section class=\"l-section wpb_row us_custom_ed6495de height_auto width_custom\" style=\"--site-content-width:1100px;\"><div class=\"l-section-h i-cf\"><div class=\"g-cols vc_row via_grid cols_1 laptops-cols_inherit tablets-cols_inherit mobiles-cols_1 valign_top type_default stacking_default\"><div class=\"wpb_column vc_column_container\"><div class=\"vc_column-inner\"><div class=\"w-separator size_custom\" style=\"height:30px\"><\/div><div class=\"w-text us_custom_350bed38 has_text_color\"><span url class=\"w-text-h\"><span class=\"w-text-value\">RECENSIONE SUI BONUS PariPesa IN ITALIA<\/span><\/span><\/div><div class=\"w-separator size_custom\" style=\"height:30px\"><\/div><div class=\"wpb_text_column us_custom_6df4bc3a has_text_color\"><div class=\"wpb_wrapper\"><p>Se c\u2019\u00e8 una ragione per cui gli scommettitori italiani scelgono PariPesa rispetto ad altre, sicuramente la generosit\u00e0 delle offerte di bonus \u00e8 una delle principali. La piattaforma PariPesa il benvenuto ai nuovi arrivati fin dal primo momento con bonus del casin\u00f2 e per la compilazione di schedine cumulabili tra loro. A questi seguono occasioni settimanali che permettono di avere sempre a disposizione denaro reale completamente gratis per continuare a giocare e vincere.<\/p>\n<p>Le offerte non riguardano solamente bonus sulle ricariche, ma anche premi speciali come i biglietti della lotteria, che vengono distribuiti in proporzione ai depositi effettuati a partire da 10 EUR. Gli utenti di PariPesa.com non devono fare nient\u2019altro che continuare a giocare anche per ricevere il cashback, erogato automaticamente e spendibile per scommesse gratis e tavoli live.<\/p>\n<p>PariPesa non offrir\u00e0 giri gratis, ma ogni venerd\u00ec \u00e8 possibile incrementare i depositi effettuati per iniziare il fine settimana con lo stato d\u2019animo giusto.<\/p>\n<\/div><\/div><div class=\"w-separator size_custom\" style=\"height:30px\"><\/div><div class=\"g-cols wpb_row via_grid cols_2 laptops-cols_inherit tablets-cols_inherit mobiles-cols_1 valign_top type_default stacking_default\" style=\"grid-gap:30px;\"><div class=\"wpb_column vc_column_container\"><div class=\"vc_column-inner\"><div class=\"w-vwrapper us_custom_b6b7bf55 align_none valign_top\" style=\"--vwrapper-gap:0rem\"><div class=\"w-image align_center\"><div url class=\"w-image-h\"><img loading=\"lazy\" decoding=\"async\" width=\"242\" height=\"242\" src=\"https:\/\/paripesalive.com\/wp-content\/uploads\/2023\/09\/bonus1.png\" class=\"attachment-full size-full\" alt=\"\" srcset=\"https:\/\/paripesalive.com\/wp-content\/uploads\/2023\/09\/bonus1.png 242w, https:\/\/paripesalive.com\/wp-content\/uploads\/2023\/09\/bonus1-150x150.png 150w, https:\/\/paripesalive.com\/wp-content\/uploads\/2023\/09\/bonus1-80x80.png 80w, https:\/\/paripesalive.com\/wp-content\/uploads\/2023\/09\/bonus1-24x24.png 24w, https:\/\/paripesalive.com\/wp-content\/uploads\/2023\/09\/bonus1-36x36.png 36w, https:\/\/paripesalive.com\/wp-content\/uploads\/2023\/09\/bonus1-48x48.png 48w\" sizes=\"auto, (max-width: 242px) 100vw, 242px\" \/><\/div><\/div><div class=\"w-separator size_custom\" style=\"height:10px\"><\/div><div class=\"w-text us_custom_08d4e8aa has_text_color\"><span url class=\"w-text-h\"><span class=\"w-text-value\">BONUS DI BENVENUTO PER SCOMMESSE<\/span><\/span><\/div><div class=\"w-separator size_custom\" style=\"height:10px\"><\/div><div class=\"w-text us_custom_051de6fb has_text_color\"><span url class=\"w-text-h\"><span class=\"w-text-value\">Ricevi 100 EUR di denaro gratis<\/span><\/span><\/div><div class=\"w-separator size_custom\" style=\"height:20px\"><\/div><div class=\"w-btn-wrapper align_center\"><a class=\"w-btn us-btn-style_1 us_custom_d5c74bc1\" href=\"https:\/\/paripesalive.com\/go\/bonus\"><span class=\"w-btn-label\">ISCRIZIONE<\/span><\/a><\/div><\/div><\/div><\/div><div class=\"wpb_column vc_column_container\"><div class=\"vc_column-inner\"><div class=\"w-vwrapper us_custom_b6b7bf55 align_none valign_top\" style=\"--vwrapper-gap:0rem\"><div class=\"w-image align_center\"><div url class=\"w-image-h\"><img loading=\"lazy\" decoding=\"async\" width=\"242\" height=\"242\" src=\"https:\/\/paripesalive.com\/wp-content\/uploads\/2023\/09\/bonus2.png\" class=\"attachment-full size-full\" alt=\"\" srcset=\"https:\/\/paripesalive.com\/wp-content\/uploads\/2023\/09\/bonus2.png 242w, https:\/\/paripesalive.com\/wp-content\/uploads\/2023\/09\/bonus2-150x150.png 150w, https:\/\/paripesalive.com\/wp-content\/uploads\/2023\/09\/bonus2-80x80.png 80w, https:\/\/paripesalive.com\/wp-content\/uploads\/2023\/09\/bonus2-24x24.png 24w, https:\/\/paripesalive.com\/wp-content\/uploads\/2023\/09\/bonus2-36x36.png 36w, https:\/\/paripesalive.com\/wp-content\/uploads\/2023\/09\/bonus2-48x48.png 48w\" sizes=\"auto, (max-width: 242px) 100vw, 242px\" \/><\/div><\/div><div class=\"w-separator size_custom\" style=\"height:10px\"><\/div><div class=\"w-text us_custom_08d4e8aa has_text_color\"><span url class=\"w-text-h\"><span class=\"w-text-value\">BONUS DI BENVENUTO PER CASIN\u00d2<\/span><\/span><\/div><div class=\"w-separator size_custom\" style=\"height:10px\"><\/div><div class=\"w-text us_custom_051de6fb has_text_color\"><span url class=\"w-text-h\"><span class=\"w-text-value\">Ricevi 300 EUR di denaro gratis<\/span><\/span><\/div><div class=\"w-separator size_custom\" style=\"height:20px\"><\/div><div class=\"w-btn-wrapper align_center\"><a class=\"w-btn us-btn-style_1 us_custom_d5c74bc1\" href=\"https:\/\/paripesalive.com\/go\/bonus\"><span class=\"w-btn-label\">ISCRIZIONE<\/span><\/a><\/div><\/div><\/div><\/div><\/div><div class=\"w-separator size_custom\" style=\"height:30px\"><\/div><div class=\"g-cols wpb_row via_grid cols_2 laptops-cols_inherit tablets-cols_inherit mobiles-cols_1 valign_top type_default stacking_default\" style=\"grid-gap:30px;\"><div class=\"wpb_column vc_column_container\"><div class=\"vc_column-inner\"><div class=\"w-vwrapper us_custom_b6b7bf55 align_none valign_top\" style=\"--vwrapper-gap:0rem\"><div class=\"w-image align_center\"><div url class=\"w-image-h\"><img loading=\"lazy\" decoding=\"async\" width=\"242\" height=\"242\" src=\"https:\/\/paripesalive.com\/wp-content\/uploads\/2023\/09\/bonus3.png\" class=\"attachment-full size-full\" alt=\"\" srcset=\"https:\/\/paripesalive.com\/wp-content\/uploads\/2023\/09\/bonus3.png 242w, https:\/\/paripesalive.com\/wp-content\/uploads\/2023\/09\/bonus3-150x150.png 150w, https:\/\/paripesalive.com\/wp-content\/uploads\/2023\/09\/bonus3-80x80.png 80w, https:\/\/paripesalive.com\/wp-content\/uploads\/2023\/09\/bonus3-24x24.png 24w, https:\/\/paripesalive.com\/wp-content\/uploads\/2023\/09\/bonus3-36x36.png 36w, https:\/\/paripesalive.com\/wp-content\/uploads\/2023\/09\/bonus3-48x48.png 48w\" sizes=\"auto, (max-width: 242px) 100vw, 242px\" \/><\/div><\/div><div class=\"w-separator size_custom\" style=\"height:10px\"><\/div><div class=\"w-text us_custom_08d4e8aa has_text_color\"><span url class=\"w-text-h\"><span class=\"w-text-value\">BONUS DEL VENERD\u00cc<\/span><\/span><\/div><div class=\"w-separator size_custom\" style=\"height:10px\"><\/div><div class=\"w-text us_custom_051de6fb has_text_color\"><span url class=\"w-text-h\"><span class=\"w-text-value\">Raddoppia il tuo deposito del venerd\u00ec fino a 1,000 EUR<\/span><\/span><\/div><div class=\"w-separator size_custom\" style=\"height:20px\"><\/div><div class=\"w-btn-wrapper align_center\"><a class=\"w-btn us-btn-style_1 us_custom_d5c74bc1\" href=\"https:\/\/paripesalive.com\/go\/bonus\"><span class=\"w-btn-label\">ISCRIZIONE<\/span><\/a><\/div><\/div><\/div><\/div><div class=\"wpb_column vc_column_container\"><div class=\"vc_column-inner\"><div class=\"w-vwrapper us_custom_b6b7bf55 align_none valign_top\" style=\"--vwrapper-gap:0rem\"><div class=\"w-image align_center\"><div url class=\"w-image-h\"><img loading=\"lazy\" decoding=\"async\" width=\"242\" height=\"242\" src=\"https:\/\/paripesalive.com\/wp-content\/uploads\/2023\/09\/bonus4.png\" class=\"attachment-full size-full\" alt=\"\" srcset=\"https:\/\/paripesalive.com\/wp-content\/uploads\/2023\/09\/bonus4.png 242w, https:\/\/paripesalive.com\/wp-content\/uploads\/2023\/09\/bonus4-150x150.png 150w, https:\/\/paripesalive.com\/wp-content\/uploads\/2023\/09\/bonus4-80x80.png 80w, https:\/\/paripesalive.com\/wp-content\/uploads\/2023\/09\/bonus4-24x24.png 24w, https:\/\/paripesalive.com\/wp-content\/uploads\/2023\/09\/bonus4-36x36.png 36w, https:\/\/paripesalive.com\/wp-content\/uploads\/2023\/09\/bonus4-48x48.png 48w\" sizes=\"auto, (max-width: 242px) 100vw, 242px\" \/><\/div><\/div><div class=\"w-separator size_custom\" style=\"height:10px\"><\/div><div class=\"w-text us_custom_08d4e8aa has_text_color\"><span url class=\"w-text-h\"><span class=\"w-text-value\">CASHBACK SETTIMANALE<\/span><\/span><\/div><div class=\"w-separator size_custom\" style=\"height:10px\"><\/div><div class=\"w-text us_custom_051de6fb has_text_color\"><span url class=\"w-text-h\"><span class=\"w-text-value\">Accumula denaro gratis con il cashback dello 0.3% sulle spese<\/span><\/span><\/div><div class=\"w-separator size_custom\" style=\"height:20px\"><\/div><div class=\"w-btn-wrapper align_center\"><a class=\"w-btn us-btn-style_1 us_custom_d5c74bc1\" href=\"https:\/\/paripesalive.com\/go\/bonus\"><span class=\"w-btn-label\">ISCRIZIONE<\/span><\/a><\/div><\/div><\/div><\/div><\/div><div class=\"w-separator size_custom\" style=\"height:30px\"><\/div><div class=\"w-text us_custom_350bed38 has_text_color\"><span url class=\"w-text-h\"><span class=\"w-text-value\">OFFERTA DI REGISTRAZIONE PER SCOMMESSE<\/span><\/span><\/div><div class=\"w-separator size_custom\" style=\"height:30px\"><\/div><div class=\"wpb_text_column us_custom_6df4bc3a has_text_color\"><div class=\"wpb_wrapper\"><p>Chi non vorrebbe scommesse extra per combinazioni pi\u00f9 ardite o previsioni su cui non si \u00e8 sicuri, ma con il potenziale di far vincere a pi\u00f9 zeri? La piattaforma ha ideato il proprio bonus di deposito dedicato allo sport per offrire un incentivo in pi\u00f9 ai nuovi iscritti. Per ricevere il raddoppio fino a 100 EUR basta aver effettuato la prima ricarica e seguirne i termini e condizioni, simili anche alle altre PariPesa promozioni.<\/p>\n<\/div><\/div><div class=\"w-separator size_custom\" style=\"height:30px\"><\/div><div class=\"w-text us_custom_350bed38 has_text_color\"><span url class=\"w-text-h\"><span class=\"w-text-value\">OFFERTA DI REGISTRAZIONE PER CASIN\u00d2<\/span><\/span><\/div><div class=\"w-separator size_custom\" style=\"height:30px\"><\/div><div class=\"wpb_text_column us_custom_6df4bc3a has_text_color\"><div class=\"wpb_wrapper\"><p>Questa piattaforma si vanta di non far perdere tempo ai propri utenti con codici promo da tenere a mente e inserire prima di una ricarica. Gli appassionati di casin\u00f2 possono infatti iniziare subito a giocare dopo aver effettuato il primo deposito, sapendo che il bonus di registrazione e il corrispondente denaro gratis sono in arrivo. Questo PariPesa Bonus permette di raddoppiare il proprio pool fino a un tetto massimo di 300 EUR.<\/p>\n<\/div><\/div><div class=\"w-separator size_custom\" style=\"height:30px\"><\/div><div class=\"w-text us_custom_350bed38 has_text_color\"><span url class=\"w-text-h\"><span class=\"w-text-value\">OFFERTE DI BONUS SETTIMANALI DI PariPesa<\/span><\/span><\/div><div class=\"w-separator size_custom\" style=\"height:30px\"><\/div><div class=\"wpb_text_column us_custom_6df4bc3a has_text_color\"><div class=\"wpb_wrapper\"><p>Questa piattaforma non propone solo bonus del casin\u00f2 e incentivi alle scommesse, che sono solo la punta dell\u2019iceberg dell\u2019intera offerta. La gamma di promozioni include infatti lotteria e cashback con estrazione e ricalcolo ogni luned\u00ec e occasioni settimanali come il deposito del venerd\u00ec.<\/p>\n<p>Proprio a proposito di quest\u2019ultima, scegliere il giorno prima del fine settimana per rimpinguare il proprio credito \u00e8 il modo migliore per dare un boost di denaro reale con il pi\u00f9 amato dei PariPesa Bonus. Gli utenti hanno infatti a disposizione un raddoppio fino a 1,000 EUR senza codici promo da utilizzare nelle 24 ore successive.<\/p>\n<p>Il bonus di registrazione richiede lo sforzo di trasferire denaro, ma per gli scommettitori italiani il cashback \u00e8 un omaggio silenzioso che si materializza ogni luned\u00ec senza apparentemente fare nulla. Ogni giorno, infatti, lo 0.3% delle somme puntate viene riaccreditato per nuove schedine o giri gratis fino a 1,000 EUR.<\/p>\n<p>Come un bonus in denaro ma con ancora pi\u00f9 adrenalina, la lotteria settimanale di PariPesa Italia regala biglietti a chi effettua una ricarica a partire da 10 EUR per uno e fino a 1,600 per 1,000 EUR. E non \u00e8 necessario soddisfare i requisiti del bonus, ma solo continuare a giocare e aspettare l\u2019esito dell\u2019estrazione.<\/p>\n<\/div><\/div><div class=\"w-separator size_custom\" style=\"height:30px\"><\/div><div class=\"w-text us_custom_350bed38 has_text_color\"><span url class=\"w-text-h\"><span class=\"w-text-value\">CONDIZIONI DI EROGAZIONE DEI BONUS<\/span><\/span><\/div><div class=\"w-separator size_custom\" style=\"height:30px\"><\/div><div class=\"wpb_text_column us_custom_6df4bc3a has_text_color\"><div class=\"wpb_wrapper\"><p>Gli utenti in Italia apprezzano questa piattaforma per le offerte accreditate automaticamente, senza il bisogno di PariPesa codici promo. Ecco un elenco dei requisiti per riuscire anche a incassare le relative vincite.<\/p>\n<p>&#8211; L\u2019offerta per il casin\u00f2 permette i prelievi dopo aver scommesso 50 volte il valore del bonus in denaro con puntate non oltre i 5 EUR.<\/p>\n<p>&#8211; L\u2019offerta per scommesse extra richiede la giocata di schedine multiple con almeno tre linee di quota superiore a 1.40, alla pari dei requisiti del bonus di ricarica del venerd\u00ec, e con almeno 5 volte l\u2019ammontare del bonus,<\/p>\n<p>&#8211; Per usufruire del cashback per la sezione sportiva, tutte le puntate devono essere giocate in schedine multiple con quota superiore a 1.50.<\/p>\n<\/div><\/div><div class=\"w-separator size_custom\" style=\"height:30px\"><\/div><div class=\"w-btn-wrapper align_center\"><a class=\"w-btn us-btn-style_1 us_custom_d5c74bc1\" href=\"https:\/\/paripesalive.com\/go\/bonus\"><span class=\"w-btn-label\">SIGN UP<\/span><\/a><\/div><div class=\"w-separator size_custom\" style=\"height:30px\"><\/div><div class=\"w-text us_custom_350bed38 has_text_color\"><span url class=\"w-text-h\"><span class=\"w-text-value\">DOMANDE FREQUENTI SULLE OFFERTE BONUS<\/span><\/span><\/div><div class=\"w-separator size_custom\" style=\"height:30px\"><\/div><div class=\"w-tabs us_custom_3fbb5980 has_text_color style_default switch_click accordion has_scrolling\" style=\"--sections-title-size:22px\"><div class=\"w-tabs-sections titles-align_none icon_chevron cpos_right\"><div class=\"w-tabs-section\" id=\"ndb7\"><button class=\"w-tabs-section-header\" aria-controls=\"content-ndb7\" aria-expanded=\"false\"><div class=\"w-tabs-section-title\">ANCHE LA APP D\u00c0 DIRITTO ALLE OFFERTE DI BENVENUTO?<\/div><div class=\"w-tabs-section-control\"><\/div><\/button><div  class=\"w-tabs-section-content\" id=\"content-ndb7\"><div class=\"w-tabs-section-content-h i-cf\"><div class=\"wpb_text_column us_custom_dcb976c1 has_text_color\"><div class=\"wpb_wrapper\"><p>La gamma di promozioni che la piattaforma riserva ai nuovi iscritti e anche alla clientela fedele pu\u00f2 essere usufruita da tutti i dispositivi e con tutte le modalit\u00e0 di accesso. PariPesa Italia \u00e8 infatti disponibile su sito classico, versione mobile e app per iOS e Android.<\/p>\n<\/div><\/div><\/div><\/div><\/div><div class=\"w-tabs-section\" id=\"meee\"><button class=\"w-tabs-section-header\" aria-controls=\"content-meee\" aria-expanded=\"false\"><div class=\"w-tabs-section-title\">\u00c8 POSSIBILE RICEVERE UN BONUS SENZA DEPOSITO SU PariPesa?<\/div><div class=\"w-tabs-section-control\"><\/div><\/button><div  class=\"w-tabs-section-content\" id=\"content-meee\"><div class=\"w-tabs-section-content-h i-cf\"><div class=\"wpb_text_column us_custom_dcb976c1 has_text_color\"><div class=\"wpb_wrapper\"><p>La piattaforma offre agli utenti molte possibilit\u00e0 di incrementare il proprio credito con denaro gratis e senza il bisogno di inserire PariPesa codici bonus per attivarne l\u2019erogazione. Tutte le offerte, per\u00f2, che si tratti di scommesse gratis, giri alle slot o tavoli in streaming, richiedono di aver prima effettuato almeno un deposito.<\/p>\n<\/div><\/div><\/div><\/div><\/div><div class=\"w-tabs-section\" id=\"b00d\"><button class=\"w-tabs-section-header\" aria-controls=\"content-b00d\" aria-expanded=\"false\"><div class=\"w-tabs-section-title\">QUAL \u00c8 LA PROCEDURA PER INCASSARE I BONUS SU PariPesa?<\/div><div class=\"w-tabs-section-control\"><\/div><\/button><div  class=\"w-tabs-section-content\" id=\"content-b00d\"><div class=\"w-tabs-section-content-h i-cf\"><div class=\"wpb_text_column us_custom_dcb976c1 has_text_color\"><div class=\"wpb_wrapper\"><p>Gli utenti in Italia non devono fare assolutamente nulla per vedersi accreditati i bonus di deposito e le altre offerte a cui maturano diritto. L\u2019erogazione \u00e8 infatti automatica sia su app che su sito.<\/p>\n<\/div><\/div><\/div><\/div><\/div><\/div><\/div><div class=\"w-separator size_custom\" style=\"height:50px\"><\/div><\/div><\/div><\/div><\/div><\/section>\n","protected":false},"excerpt":{"rendered":"PariPesa BONUS E PROMOZIONIISCRIZIONEFOOTBALLBASKETBALLHOCKEYRUGBYESPORTSRECENSIONE SUI BONUS PariPesa IN ITALIASe c\u2019\u00e8 una ragione per cui gli scommettitori italiani scelgono PariPesa rispetto ad altre, sicuramente la generosit\u00e0 delle offerte di bonus \u00e8 una delle principali. La piattaforma PariPesa il benvenuto ai nuovi arrivati fin dal primo momento con bonus del casin\u00f2 e per la compilazione di schedine...","protected":false},"author":1,"featured_media":0,"parent":0,"menu_order":0,"comment_status":"closed","ping_status":"closed","template":"","meta":{"footnotes":""},"class_list":["post-705","page","type-page","status-publish","hentry"],"_links":{"self":[{"href":"https:\/\/paripesalive.com\/it\/wp-json\/wp\/v2\/pages\/705","targetHints":{"allow":["GET"]}}],"collection":[{"href":"https:\/\/paripesalive.com\/it\/wp-json\/wp\/v2\/pages"}],"about":[{"href":"https:\/\/paripesalive.com\/it\/wp-json\/wp\/v2\/types\/page"}],"author":[{"embeddable":true,"href":"https:\/\/paripesalive.com\/it\/wp-json\/wp\/v2\/users\/1"}],"replies":[{"embeddable":true,"href":"https:\/\/paripesalive.com\/it\/wp-json\/wp\/v2\/comments?post=705"}],"version-history":[{"count":3,"href":"https:\/\/paripesalive.com\/it\/wp-json\/wp\/v2\/pages\/705\/revisions"}],"predecessor-version":[{"id":773,"href":"https:\/\/paripesalive.com\/it\/wp-json\/wp\/v2\/pages\/705\/revisions\/773"}],"wp:attachment":[{"href":"https:\/\/paripesalive.com\/it\/wp-json\/wp\/v2\/media?parent=705"}],"curies":[{"name":"wp","href":"https:\/\/api.w.org\/{rel}","templated":true}]}}