{"id":717,"date":"2023-09-03T15:51:10","date_gmt":"2023-09-03T12:51:10","guid":{"rendered":"https:\/\/paripesalive.com\/app\/"},"modified":"2024-05-27T15:13:16","modified_gmt":"2024-05-27T12:13:16","slug":"app","status":"publish","type":"page","link":"https:\/\/paripesalive.com\/it\/app\/","title":{"rendered":"PariPesa APP"},"content":{"rendered":"<section class=\"l-section wpb_row height_auto width_custom with_img\" style=\"--site-content-width:1100px;\"><div class=\"l-section-img\" role=\"img\" data-img-width=\"925\" data-img-height=\"424\" style=\"background-image: url(https:\/\/paripesalive.com\/wp-content\/uploads\/2023\/09\/22bet-br-1.jpg);\"><\/div><div class=\"l-section-overlay\" style=\"background:rgba(0,0,0,0.20)\"><\/div><div class=\"l-section-h i-cf\"><div class=\"g-cols vc_row via_grid cols_1 laptops-cols_inherit tablets-cols_inherit mobiles-cols_1 valign_top type_default stacking_default\"><div class=\"wpb_column vc_column_container\"><div class=\"vc_column-inner\"><div class=\"g-cols wpb_row us_custom_a9fd8ff6 via_grid cols_2-1 laptops-cols_inherit tablets-cols_inherit mobiles-cols_1 valign_bottom type_default stacking_default\"><div class=\"wpb_column vc_column_container\"><div class=\"vc_column-inner\"><\/div><\/div><div class=\"wpb_column vc_column_container us_custom_69dd7e81 has_bg_color\"><div class=\"vc_column-inner\"><div class=\"w-separator size_custom\" style=\"height:30px\"><\/div><div class=\"w-text us_custom_36183122 has_text_color\"><span url class=\"w-text-h\"><span class=\"w-text-value\">PariPesa APP<\/span><\/span><\/div><div class=\"w-separator size_custom\" style=\"height:30px\"><\/div><div class=\"w-btn-wrapper align_left\"><a class=\"w-btn us-btn-style_1 us_custom_d5c74bc1\" href=\"https:\/\/paripesalive.com\/go\/bonus\"><span class=\"w-btn-label\">ISCRIZIONE<\/span><\/a><\/div><div class=\"w-separator size_custom\" style=\"height:30px\"><\/div><\/div><\/div><\/div><\/div><\/div><\/div><\/div><\/section><section class=\"l-section wpb_row height_auto width_custom with_img\" style=\"--site-content-width:1100px;\"><div class=\"l-section-img\" role=\"img\" data-img-width=\"925\" data-img-height=\"424\" style=\"background-image: url(https:\/\/paripesalive.com\/wp-content\/uploads\/2023\/09\/22bet-br-1.jpg);\"><\/div><div class=\"l-section-overlay\" style=\"background:rgba(0,0,0,0.20)\"><\/div><div class=\"l-section-h i-cf\"><div class=\"g-cols vc_row via_grid cols_1 laptops-cols_inherit tablets-cols_inherit mobiles-cols_1 valign_top type_default stacking_default\"><div class=\"wpb_column vc_column_container\"><div class=\"vc_column-inner\"><div class=\"w-hwrapper valign_top wrap stack_on_mobiles align_center\" style=\"--hwrapper-gap:0px\"><div class=\"w-btn-wrapper align_center\"><a class=\"w-btn us-btn-style_4 us_custom_e645dbf4 icon_atleft\" href=\"https:\/\/paripesalive.com\/go\/bonus\"><i class=\"far fa-futbol\"><\/i><span class=\"w-btn-label\">CALCIO<\/span><\/a><\/div><div class=\"w-btn-wrapper align_center\"><a class=\"w-btn us-btn-style_4 us_custom_ef548e81 icon_atleft\" href=\"https:\/\/paripesalive.com\/go\/bonus\"><i class=\"far fa-basketball-ball\"><\/i><span class=\"w-btn-label\">PALLACANESTRO<\/span><\/a><\/div><div class=\"w-btn-wrapper align_center\"><a class=\"w-btn us-btn-style_4 us_custom_2d395f04 icon_atleft\" href=\"https:\/\/paripesalive.com\/go\/bonus\"><i class=\"far fa-hockey-sticks\"><\/i><span class=\"w-btn-label\">HOCKEY<\/span><\/a><\/div><div class=\"w-btn-wrapper align_center\"><a class=\"w-btn us-btn-style_4 us_custom_2d395f04 icon_atleft\" href=\"https:\/\/paripesalive.com\/go\/bonus\"><i class=\"far fa-football-ball\"><\/i><span class=\"w-btn-label\">RUGBY<\/span><\/a><\/div><div class=\"w-btn-wrapper align_center\"><a class=\"w-btn us-btn-style_4 us_custom_e645dbf4 icon_atleft\" href=\"https:\/\/paripesalive.com\/go\/bonus\"><i class=\"far fa-gamepad-alt\"><\/i><span class=\"w-btn-label\">ESPORTS<\/span><\/a><\/div><\/div><\/div><\/div><\/div><\/div><\/section><section class=\"l-section wpb_row us_custom_ed6495de height_auto width_custom\" style=\"--site-content-width:1100px;\"><div class=\"l-section-h i-cf\"><div class=\"g-cols vc_row via_grid cols_1 laptops-cols_inherit tablets-cols_inherit mobiles-cols_1 valign_top type_default stacking_default\"><div class=\"wpb_column vc_column_container\"><div class=\"vc_column-inner\"><div class=\"w-separator size_custom\" style=\"height:30px\"><\/div><div class=\"wpb_text_column us_custom_6df4bc3a has_text_color\"><div class=\"wpb_wrapper\"><p>Le aziende dedite al gioco online hanno ormai capito che gli italiani vogliono avere quote, squadre, mercati e schedine a disposizione direttamente sui propri tablet. Con un sito mobile e una applicazione compatibile con la maggioranza dei telefoni in commercio a livello globale, PariPesa permette ai propri iscritti di accedere a slot e schedine da tutti i dispositivi. Con un download diretto dall\u2019AppStore o dalla piattaforma adattata per scommesse mobili, la app permette di restare sempre connessi con notifiche in tempo reale e la massima velocit\u00e0.<\/p>\n<\/div><\/div><div class=\"w-separator size_custom\" style=\"height:30px\"><\/div><div class=\"w-text us_custom_350bed38 has_text_color\"><span url class=\"w-text-h\"><span class=\"w-text-value\">USARE LA APP MOBILE SU IOS<\/span><\/span><\/div><div class=\"w-separator size_custom\" style=\"height:30px\"><\/div><div class=\"wpb_text_column us_custom_6df4bc3a has_text_color\"><div class=\"wpb_wrapper\"><p>Una volta registrati sulla piattaforma, gli utenti hanno la possibilit\u00e0 di scegliere il dispositivo da cui accedere con la possibilit\u00e0 di farlo alternativamente da computer, telefonino e tanti altri. Gli affezionati di Apple possono usare Safari per il sito adattato per mobile oppure cercare la app dedicata direttamente sull\u2019AppStore.<\/p>\n<\/div><\/div><div class=\"w-separator size_custom\" style=\"height:30px\"><\/div><div class=\"w-text us_custom_350bed38 has_text_color\"><span url class=\"w-text-h\"><span class=\"w-text-value\">SCARICARLA E INSTALLARLA SU IOS<\/span><\/span><\/div><div class=\"w-separator size_custom\" style=\"height:30px\"><\/div><div class=\"wpb_text_column us_custom_6df4bc3a has_text_color\"><div class=\"wpb_wrapper\"><p>I giocatori italiani che vogliono usare l\u2019applicazione direttamente sul proprio melafonino o iPad lo possono fare con la seguente procedura, che richiede un paio di minuti al massimo.<\/p>\n<ol>\n<li>Controllare di aver effettuato l\u2019accesso al proprio account iTunes e passare all\u2019AppStore.<\/li>\n<li>Modificare le impostazioni indicate come \u201cPaese\/Regione\u201d, selezionando Cipro dal menu a tendina.<\/li>\n<li>Cliccare \u201cAccetto\u201d sui termini e condizioni di cambio paese.<\/li>\n<li>Procedere senza indicare un metodo di pagamento.<\/li>\n<li>Spegnere e riaccendere il telefono e cercare la app PariPesa sull\u2019AppStore.<\/li>\n<li>Installare ed effettuare il login con i dati di accesso.<\/li>\n<\/ol>\n<\/div><\/div><div class=\"w-separator size_custom\" style=\"height:30px\"><\/div><div class=\"w-text us_custom_350bed38 has_text_color\"><span url class=\"w-text-h\"><span class=\"w-text-value\">USARE LA APP MOBILE SU ANDROID<\/span><\/span><\/div><div class=\"w-separator size_custom\" style=\"height:30px\"><\/div><div class=\"wpb_text_column us_custom_6df4bc3a has_text_color\"><div class=\"wpb_wrapper\"><p>Non tutti i tablet sono iPad, ma nel mondo ne esistono centinaia di modelli con prestazioni comparabili e un prezzo spesso pi\u00f9 accessibile. Anche gli scommettitori affezionati al sistema dell\u2019androide possono scaricare la PariPesa apk e avere la web app dedicata sempre a disposizione sul proprio menu.<\/p>\n<\/div><\/div><div class=\"w-separator size_custom\" style=\"height:30px\"><\/div><div class=\"w-text us_custom_350bed38 has_text_color\"><span url class=\"w-text-h\"><span class=\"w-text-value\">SCARICARLA E INSTALLARLA SU ANDROID<\/span><\/span><\/div><div class=\"w-separator size_custom\" style=\"height:30px\"><\/div><div class=\"wpb_text_column us_custom_6df4bc3a has_text_color\"><div class=\"wpb_wrapper\"><p>La procedura per trovare e installare la app Android \u00e8 la stessa per tutti i dispositivi che utilizzano questo sistema operativo, indipendentemente dalle dimensioni o dalla marca. Il vantaggio \u00e8 di non dover nemmeno utilizzare il proprio account Google Play.<\/p>\n<ol>\n<li>Aprire il browser in uso sul proprio smartphone per raggiungere il sito di PariPesa.<\/li>\n<li>Scaricare la app in formato APK direttamente nella memoria interna del proprio dispositivo.<\/li>\n<li>Andare nella sezione Impostazioni e autorizzare l\u2019apertura di app da fonti sconosciute.<\/li>\n<li>A installazione completato si potr\u00e0 accedere alla piattaforma inserendo e-mail e password.<\/li>\n<\/ol>\n<\/div><\/div><div class=\"w-separator size_custom\" style=\"height:30px\"><\/div><div class=\"w-text us_custom_350bed38 has_text_color\"><span url class=\"w-text-h\"><span class=\"w-text-value\">DESCRIZIONE DEL BONUS DI BENVENUTO<\/span><\/span><\/div><div class=\"w-separator size_custom\" style=\"height:30px\"><\/div><div class=\"wpb_text_column us_custom_6df4bc3a has_text_color\"><div class=\"wpb_wrapper\"><p>Le scommesse sportive su mobile sono molto popolari perch\u00e9 vi si pu\u00f2 accedere in qualsiasi momento dal proprio telefonino, senza dover aspettare di essere a casa e accendere il computer. I sistemi informatici di PariPesa Italia sono stati sincronizzati tra loro per permettere l\u2019erogazione e l\u2019utilizzo degli stessi bonus, indipendentemente dal dispositivo utilizzato per l\u2019accesso.<\/p>\n<p>Gli utenti appena registrati sulla piattaforma possono contare su denaro gratis per schedine e casin\u00f2 in maniera cumulabile. La prima ricarica dei giocatori italiani viene infatti sdoppiata in un massimo di 100 EUR in omaggio per le prime e 300 EUR per il secondo.<\/p>\n<\/div><\/div><div class=\"w-separator size_custom\" style=\"height:30px\"><\/div><div class=\"w-text us_custom_350bed38 has_text_color\"><span url class=\"w-text-h\"><span class=\"w-text-value\">COME REGISTRARSI IN MODALIT\u00c0 MOBILE<\/span><\/span><\/div><div class=\"w-separator size_custom\" style=\"height:30px\"><\/div><div class=\"wpb_text_column us_custom_6df4bc3a has_text_color\"><div class=\"wpb_wrapper\"><p>Non importa che si scelga la app Android o la versione su browser: iscriversi sulla piattaforma \u00e8 una procedura che richiede solo nome, cognome e indirizzo e-mail. \u00c8 importante per\u00f2 ricordarsi di leggere e confermare il messaggio di verifica ricevuto a registrazione ultimata e di accettare l\u2019erogazione automatica di bonus quando richiesto. Tutti i dispositivi sono validi grazie alla grafica del sito, adattata per scommesse su mobile e software di gioco.<\/p>\n<\/div><\/div><div class=\"w-separator size_custom\" style=\"height:30px\"><\/div><div class=\"w-text us_custom_350bed38 has_text_color\"><span url class=\"w-text-h\"><span class=\"w-text-value\">SITO IN VERSIONE MOBILE<\/span><\/span><\/div><div class=\"w-separator size_custom\" style=\"height:30px\"><\/div><div class=\"wpb_text_column us_custom_6df4bc3a has_text_color\"><div class=\"wpb_wrapper\"><p>Se la PariPesa App rimane la versione pi\u00f9 popolare tra gli utenti, anche chi utilizza dispositivi smart non compatibili non resta certo deluso dall\u2019esperienza di gioco. Il sito mobile \u00e8 infatti accessibile da tutti i browser per telefono, tra cui Opera, Safari e Chrome, indipendentemente da marca, modello e dimensioni complessive.<\/p>\n<p>Gli sviluppatori della piattaforma hanno adattato per mobile la grafica del sito, permettendo cos\u00ec ai software e alle quote online di essere visibili senza alcuna problematica tecnica. Piace inoltre la velocit\u00e0 di caricamento e la nitidezza della qualit\u00e0, soprattutto nel caso dei tavoli live in trasmissione streaming.<\/p>\n<\/div><\/div><div class=\"w-separator size_custom\" style=\"height:30px\"><\/div><div class=\"w-text us_custom_350bed38 has_text_color\"><span url class=\"w-text-h\"><span class=\"w-text-value\">APP MOBILE: PERCH\u00c9 SCEGLIERLA<\/span><\/span><\/div><div class=\"w-separator size_custom\" style=\"height:30px\"><\/div><div class=\"wpb_text_column us_custom_6df4bc3a has_text_color\"><div class=\"wpb_wrapper\"><p>Il sito ottimizzato per mobile offre agli utenti la libert\u00e0 di scegliere il dispositivo di accesso che preferiscono, ma la app scaricata dall\u2019AppStore o tramite APK resta la scelta pi\u00f9 amata. La piattaforma PariPesa per mobile non raggiunge, infatti, la stessa velocit\u00e0 di caricamento e non invia notifiche per aggiornare gli scommettitori sugli ultimi risultati parziali. Gli utenti registrati possono inoltre memorizzare le proprie credenziali di accesso per non doverle inserire ogni volta.<\/p>\n<\/div><\/div><div class=\"w-separator size_custom\" style=\"height:30px\"><\/div><div class=\"w-text us_custom_350bed38 has_text_color\"><span url class=\"w-text-h\"><span class=\"w-text-value\">REQUISITI DI SISTEMA PER MOBILE<\/span><\/span><\/div><div class=\"w-separator size_custom\" style=\"height:30px\"><\/div><div class=\"wpb_text_column us_custom_6df4bc3a has_text_color\"><div class=\"wpb_wrapper\"><p>Per installare la app di PariPesa \u00e8 necessario utilizzare uno dei dispositivi compatibili, sia che si tratti di iOS che del download indiretto per Android. Nel primo caso \u00e8 necessario un sistema operativo almeno 7.0 e nel secondo a partire da 5.0. Questi requisiti includono tutti gli iPhone dal 5 in su e le iPad Touch e Air e per le scommesse su mobile anche la maggior parte dei dispositivi in commercio dei marchi Samsung, HTC, Huawei e molti altri.<\/p>\n<\/div><\/div><div class=\"w-separator size_custom\" style=\"height:30px\"><\/div><div class=\"w-text us_custom_350bed38 has_text_color\"><span url class=\"w-text-h\"><span class=\"w-text-value\">DEPOSITI E PRELIEVI SU SITO E APP<\/span><\/span><\/div><div class=\"w-separator size_custom\" style=\"height:30px\"><\/div><div class=\"wpb_text_column us_custom_6df4bc3a has_text_color\"><div class=\"wpb_wrapper\"><p>Per la prima ricarica su PariPesa \u00e8 necessario effettuare il login e memorizzare un metodo di pagamento a scelta, su cui i successivi depositi verranno automaticamente addebitati. La app consente ai giocatori italiani di utilizzare le principali carte di credito o debito, come Visa, Mastercard, Diners e Discovery, oltre agli e-wallet Skrill, Neteller, Sticpay, Payeer e Perfect Money. I trasferimenti sono immediati, mentre l\u2019incasso delle vincite viene elaborato entro un quarto d\u2019ora al massimo. Bonus a parte, le scommesse sportive su mobile possono essere finanziate anche con le principali criptovalute.<\/p>\n<\/div><\/div><div class=\"w-separator size_custom\" style=\"height:30px\"><\/div><div class=\"w-btn-wrapper align_center\"><a class=\"w-btn us-btn-style_1 us_custom_d5c74bc1\" href=\"https:\/\/paripesalive.com\/go\/bonus\"><span class=\"w-btn-label\">ISCRIZIONE<\/span><\/a><\/div><div class=\"w-separator size_custom\" style=\"height:30px\"><\/div><div class=\"w-text us_custom_350bed38 has_text_color\"><span url class=\"w-text-h\"><span class=\"w-text-value\">DOMANDE FREQUENTI SULL&#8217;APPLICAZIONE MOBILE<\/span><\/span><\/div><div class=\"w-separator size_custom\" style=\"height:30px\"><\/div><div class=\"w-tabs us_custom_3fbb5980 has_text_color style_default switch_click accordion has_scrolling\" style=\"--sections-title-size:22px\"><div class=\"w-tabs-sections titles-align_none icon_chevron cpos_right\"><div class=\"w-tabs-section\" id=\"zea5\"><button class=\"w-tabs-section-header\" aria-controls=\"content-zea5\" aria-expanded=\"false\"><div class=\"w-tabs-section-title\">SI POSSONO FARE DEPOSITI SULLA APP MOBILE PariPesa?<\/div><div class=\"w-tabs-section-control\"><\/div><\/button><div  class=\"w-tabs-section-content\" id=\"content-zea5\"><div class=\"w-tabs-section-content-h i-cf\"><div class=\"wpb_text_column us_custom_dcb976c1 has_text_color\"><div class=\"wpb_wrapper\"><p>Una volta memorizzato su smartphone o altri dispositivi portatili il proprio metodo di pagamento preferito, tutti i depositi successivi saranno effettuati in modo automatico. Questo vale per la app e anche per il sito ottimizzato per mobile.<\/p>\n<\/div><\/div><\/div><\/div><\/div><div class=\"w-tabs-section\" id=\"pf87\"><button class=\"w-tabs-section-header\" aria-controls=\"content-pf87\" aria-expanded=\"false\"><div class=\"w-tabs-section-title\">I BONUS SETTIMANALI SONO ACCESSIBILI ANCHE DALLA APP MOBILE?<\/div><div class=\"w-tabs-section-control\"><\/div><\/button><div  class=\"w-tabs-section-content\" id=\"content-pf87\"><div class=\"w-tabs-section-content-h i-cf\"><div class=\"wpb_text_column us_custom_dcb976c1 has_text_color\"><div class=\"wpb_wrapper\"><p>Le scommesse su mobile, a patto che non si siano utilizzate criptovalute per le ricariche, possono sfruttare il denaro gratis ricevuto tramite i bonus sia sul sito che sulla web app.<\/p>\n<\/div><\/div><\/div><\/div><\/div><\/div><\/div><div class=\"w-separator size_custom\" style=\"height:50px\"><\/div><\/div><\/div><\/div><\/div><\/section>\n","protected":false},"excerpt":{"rendered":"PariPesa APPISCRIZIONECALCIOPALLACANESTROHOCKEYRUGBYESPORTSLe aziende dedite al gioco online hanno ormai capito che gli italiani vogliono avere quote, squadre, mercati e schedine a disposizione direttamente sui propri tablet. Con un sito mobile e una applicazione compatibile con la maggioranza dei telefoni in commercio a livello globale, PariPesa permette ai propri iscritti di accedere a slot e schedine...","protected":false},"author":1,"featured_media":0,"parent":0,"menu_order":0,"comment_status":"closed","ping_status":"closed","template":"","meta":{"footnotes":""},"class_list":["post-717","page","type-page","status-publish","hentry"],"_links":{"self":[{"href":"https:\/\/paripesalive.com\/it\/wp-json\/wp\/v2\/pages\/717","targetHints":{"allow":["GET"]}}],"collection":[{"href":"https:\/\/paripesalive.com\/it\/wp-json\/wp\/v2\/pages"}],"about":[{"href":"https:\/\/paripesalive.com\/it\/wp-json\/wp\/v2\/types\/page"}],"author":[{"embeddable":true,"href":"https:\/\/paripesalive.com\/it\/wp-json\/wp\/v2\/users\/1"}],"replies":[{"embeddable":true,"href":"https:\/\/paripesalive.com\/it\/wp-json\/wp\/v2\/comments?post=717"}],"version-history":[{"count":3,"href":"https:\/\/paripesalive.com\/it\/wp-json\/wp\/v2\/pages\/717\/revisions"}],"predecessor-version":[{"id":774,"href":"https:\/\/paripesalive.com\/it\/wp-json\/wp\/v2\/pages\/717\/revisions\/774"}],"wp:attachment":[{"href":"https:\/\/paripesalive.com\/it\/wp-json\/wp\/v2\/media?parent=717"}],"curies":[{"name":"wp","href":"https:\/\/api.w.org\/{rel}","templated":true}]}}