{"id":706,"date":"2023-09-03T15:40:44","date_gmt":"2023-09-03T12:40:44","guid":{"rendered":"https:\/\/paripesalive.com\/bonuses\/"},"modified":"2025-03-19T17:02:34","modified_gmt":"2025-03-19T14:02:34","slug":"bonuses","status":"publish","type":"page","link":"https:\/\/paripesalive.com\/pt-br\/bonuses\/","title":{"rendered":"PariPesa B\u00d4NUS NO BRASIL"},"content":{"rendered":"<section class=\"l-section wpb_row height_auto width_custom with_img\" style=\"--site-content-width:1100px;\"><div class=\"l-section-img\" role=\"img\" data-img-width=\"925\" data-img-height=\"424\" style=\"background-image: url(https:\/\/paripesalive.com\/wp-content\/uploads\/2023\/09\/22bet-br-1.jpg);\"><\/div><div class=\"l-section-overlay\" style=\"background:rgba(0,0,0,0.20)\"><\/div><div class=\"l-section-h i-cf\"><div class=\"g-cols vc_row via_grid cols_1 laptops-cols_inherit tablets-cols_inherit mobiles-cols_1 valign_top type_default stacking_default\"><div class=\"wpb_column vc_column_container\"><div class=\"vc_column-inner\"><div class=\"g-cols wpb_row us_custom_a9fd8ff6 via_grid cols_2-1 laptops-cols_inherit tablets-cols_inherit mobiles-cols_1 valign_bottom type_default stacking_default\"><div class=\"wpb_column vc_column_container\"><div class=\"vc_column-inner\"><\/div><\/div><div class=\"wpb_column vc_column_container us_custom_69dd7e81 has_bg_color\"><div class=\"vc_column-inner\"><div class=\"w-separator size_custom\" style=\"height:30px\"><\/div><div class=\"w-text us_custom_36183122 has_text_color\"><span url class=\"w-text-h\"><span class=\"w-text-value\">PariPesa B\u00d4NUS NO BRASIL<\/span><\/span><\/div><div class=\"w-separator size_custom\" style=\"height:30px\"><\/div><div class=\"w-btn-wrapper align_left\"><a class=\"w-btn us-btn-style_1 us_custom_d5c74bc1\" href=\"https:\/\/paripesalive.com\/go\/bonus\"><span class=\"w-btn-label\">INSCREVER-SE<\/span><\/a><\/div><div class=\"w-separator size_custom\" style=\"height:30px\"><\/div><\/div><\/div><\/div><\/div><\/div><\/div><\/div><\/section><section class=\"l-section wpb_row height_auto width_custom with_img\" style=\"--site-content-width:1100px;\"><div class=\"l-section-img\" role=\"img\" data-img-width=\"925\" data-img-height=\"424\" style=\"background-image: url(https:\/\/paripesalive.com\/wp-content\/uploads\/2023\/09\/22bet-br-1.jpg);\"><\/div><div class=\"l-section-overlay\" style=\"background:rgba(0,0,0,0.20)\"><\/div><div class=\"l-section-h i-cf\"><div class=\"g-cols vc_row via_grid cols_1 laptops-cols_inherit tablets-cols_inherit mobiles-cols_1 valign_top type_default stacking_default\"><div class=\"wpb_column vc_column_container\"><div class=\"vc_column-inner\"><div class=\"w-hwrapper valign_top wrap stack_on_mobiles align_center\" style=\"--hwrapper-gap:0px\"><div class=\"w-btn-wrapper align_center\"><a class=\"w-btn us-btn-style_4 us_custom_e645dbf4 icon_atleft\" href=\"https:\/\/paripesalive.com\/go\/bonus\"><i class=\"far fa-futbol\"><\/i><span class=\"w-btn-label\">FUTEBOL<\/span><\/a><\/div><div class=\"w-btn-wrapper align_center\"><a class=\"w-btn us-btn-style_4 us_custom_ef548e81 icon_atleft\" href=\"https:\/\/paripesalive.com\/go\/bonus\"><i class=\"far fa-basketball-ball\"><\/i><span class=\"w-btn-label\">BASQUETEBOL<\/span><\/a><\/div><div class=\"w-btn-wrapper align_center\"><a class=\"w-btn us-btn-style_4 us_custom_2d395f04 icon_atleft\" href=\"https:\/\/paripesalive.com\/go\/bonus\"><i class=\"far fa-hockey-sticks\"><\/i><span class=\"w-btn-label\">H\u00d3QUEI<\/span><\/a><\/div><div class=\"w-btn-wrapper align_center\"><a class=\"w-btn us-btn-style_4 us_custom_2d395f04 icon_atleft\" href=\"https:\/\/paripesalive.com\/go\/bonus\"><i class=\"far fa-football-ball\"><\/i><span class=\"w-btn-label\">RUGBY<\/span><\/a><\/div><div class=\"w-btn-wrapper align_center\"><a class=\"w-btn us-btn-style_4 us_custom_e645dbf4 icon_atleft\" href=\"https:\/\/paripesalive.com\/go\/bonus\"><i class=\"far fa-gamepad-alt\"><\/i><span class=\"w-btn-label\">ESPORTS<\/span><\/a><\/div><\/div><\/div><\/div><\/div><\/div><\/section><section class=\"l-section wpb_row us_custom_ed6495de height_auto width_custom\" style=\"--site-content-width:1100px;\"><div class=\"l-section-h i-cf\"><div class=\"g-cols vc_row via_grid cols_1 laptops-cols_inherit tablets-cols_inherit mobiles-cols_1 valign_top type_default stacking_default\"><div class=\"wpb_column vc_column_container\"><div class=\"vc_column-inner\"><div class=\"w-separator size_custom\" style=\"height:30px\"><\/div><h1 class=\"w-text us_custom_350bed38 has_text_color\"><span url class=\"w-text-h\"><span class=\"w-text-value\">Regras do b\u00f4nus Paripesa Brasil 2025<\/span><\/span><\/h1><div class=\"w-separator size_custom\" style=\"height:30px\"><\/div><div class=\"wpb_text_column us_custom_6df4bc3a has_text_color\"><div class=\"wpb_wrapper\"><p>Se lemos algumas das muitas cr\u00edticas positivas nesta plataforma, a coisa que as une \u00e9 o elogio \u00e0s numerosas ofertas dos PariPesa b\u00f4nus. Estes n\u00e3o incluem apenas promo\u00e7\u00f5es para novos membros, tais como apostas gr\u00e1tis ou somas extras no cassino. Na verdade, as ofertas semanais incluem dinheiro real em uma base regular a cada recarga, que pode ser usado nos slots ou para preencher formul\u00e1rios eletr\u00f4nicos com poucas regras de bonifica\u00e7\u00e3o.<\/p>\n<p>Em compara\u00e7\u00e3o com a tend\u00eancia comum em plataformas de jogo, PariPesa optou por n\u00e3o oferecer giros gr\u00e1tis como pr\u00eamios aos seus usu\u00e1rios. Sua aus\u00eancia certamente n\u00e3o \u00e9 sentida, no entanto, se pensarmos nos bilhetes de loteria semanais proporcionais aos montantes jogados ou no dinheiro que devolve parte do dinheiro gasto pelos apostadores brasileiros. Aqueles que querem aproveitar as ofertas devem se lembrar de selecionar esta op\u00e7\u00e3o ao se registrar, caso contr\u00e1rio, os b\u00f4nus do cassino e dos boletos de apostas n\u00e3o ser\u00e3o pagos automaticamente.<\/p>\n<\/div><\/div><div class=\"w-separator size_custom\" style=\"height:30px\"><\/div><div class=\"g-cols wpb_row via_grid cols_2 laptops-cols_inherit tablets-cols_inherit mobiles-cols_1 valign_top type_default stacking_default\" style=\"grid-gap:30px;\"><div class=\"wpb_column vc_column_container\"><div class=\"vc_column-inner\"><div class=\"w-vwrapper us_custom_b6b7bf55 align_none valign_top\" style=\"--vwrapper-gap:0rem\"><div class=\"w-image align_center\"><div url class=\"w-image-h\"><img loading=\"lazy\" decoding=\"async\" width=\"242\" height=\"242\" src=\"https:\/\/paripesalive.com\/wp-content\/uploads\/2023\/09\/bonus1.png\" class=\"attachment-full size-full\" alt=\"\" srcset=\"https:\/\/paripesalive.com\/wp-content\/uploads\/2023\/09\/bonus1.png 242w, https:\/\/paripesalive.com\/wp-content\/uploads\/2023\/09\/bonus1-150x150.png 150w, https:\/\/paripesalive.com\/wp-content\/uploads\/2023\/09\/bonus1-80x80.png 80w, https:\/\/paripesalive.com\/wp-content\/uploads\/2023\/09\/bonus1-24x24.png 24w, https:\/\/paripesalive.com\/wp-content\/uploads\/2023\/09\/bonus1-36x36.png 36w, https:\/\/paripesalive.com\/wp-content\/uploads\/2023\/09\/bonus1-48x48.png 48w\" sizes=\"auto, (max-width: 242px) 100vw, 242px\" \/><\/div><\/div><div class=\"w-separator size_custom\" style=\"height:10px\"><\/div><div class=\"w-text us_custom_08d4e8aa has_text_color\"><span url class=\"w-text-h\"><span class=\"w-text-value\">OFERTA DE BOAS-VINDAS (APOSTAS)<\/span><\/span><\/div><div class=\"w-separator size_custom\" style=\"height:10px\"><\/div><div class=\"w-text us_custom_051de6fb has_text_color\"><span url class=\"w-text-h\"><span class=\"w-text-value\">Pelo menos R$ 1 recarregado por R$ 600 gr\u00e1tis<\/span><\/span><\/div><div class=\"w-separator size_custom\" style=\"height:20px\"><\/div><div class=\"w-btn-wrapper align_center\"><a class=\"w-btn us-btn-style_1 us_custom_d5c74bc1\" href=\"https:\/\/paripesalive.com\/go\/bonus\"><span class=\"w-btn-label\">INSCREVER-SE<\/span><\/a><\/div><\/div><\/div><\/div><div class=\"wpb_column vc_column_container\"><div class=\"vc_column-inner\"><div class=\"w-vwrapper us_custom_b6b7bf55 align_none valign_top\" style=\"--vwrapper-gap:0rem\"><div class=\"w-image align_center\"><div url class=\"w-image-h\"><img loading=\"lazy\" decoding=\"async\" width=\"242\" height=\"242\" src=\"https:\/\/paripesalive.com\/wp-content\/uploads\/2023\/09\/bonus2.png\" class=\"attachment-full size-full\" alt=\"\" srcset=\"https:\/\/paripesalive.com\/wp-content\/uploads\/2023\/09\/bonus2.png 242w, https:\/\/paripesalive.com\/wp-content\/uploads\/2023\/09\/bonus2-150x150.png 150w, https:\/\/paripesalive.com\/wp-content\/uploads\/2023\/09\/bonus2-80x80.png 80w, https:\/\/paripesalive.com\/wp-content\/uploads\/2023\/09\/bonus2-24x24.png 24w, https:\/\/paripesalive.com\/wp-content\/uploads\/2023\/09\/bonus2-36x36.png 36w, https:\/\/paripesalive.com\/wp-content\/uploads\/2023\/09\/bonus2-48x48.png 48w\" sizes=\"auto, (max-width: 242px) 100vw, 242px\" \/><\/div><\/div><div class=\"w-separator size_custom\" style=\"height:10px\"><\/div><div class=\"w-text us_custom_08d4e8aa has_text_color\"><span url class=\"w-text-h\"><span class=\"w-text-value\">OFERTA DE BOAS-VINDAS (CASSINO)<\/span><\/span><\/div><div class=\"w-separator size_custom\" style=\"height:10px\"><\/div><div class=\"w-text us_custom_051de6fb has_text_color\"><span url class=\"w-text-h\"><span class=\"w-text-value\">Pelo menos 1 euro recarregado por R$ 1500 gr\u00e1tis<\/span><\/span><\/div><div class=\"w-separator size_custom\" style=\"height:20px\"><\/div><div class=\"w-btn-wrapper align_center\"><a class=\"w-btn us-btn-style_1 us_custom_d5c74bc1\" href=\"https:\/\/paripesalive.com\/go\/bonus\"><span class=\"w-btn-label\">INSCREVER-SE<\/span><\/a><\/div><\/div><\/div><\/div><\/div><div class=\"w-separator size_custom\" style=\"height:30px\"><\/div><div class=\"g-cols wpb_row via_grid cols_2 laptops-cols_inherit tablets-cols_inherit mobiles-cols_1 valign_top type_default stacking_default\" style=\"grid-gap:30px;\"><div class=\"wpb_column vc_column_container\"><div class=\"vc_column-inner\"><div class=\"w-vwrapper us_custom_b6b7bf55 align_none valign_top\" style=\"--vwrapper-gap:0rem\"><div class=\"w-image align_center\"><div url class=\"w-image-h\"><img loading=\"lazy\" decoding=\"async\" width=\"242\" height=\"242\" src=\"https:\/\/paripesalive.com\/wp-content\/uploads\/2023\/09\/bonus3.png\" class=\"attachment-full size-full\" alt=\"\" srcset=\"https:\/\/paripesalive.com\/wp-content\/uploads\/2023\/09\/bonus3.png 242w, https:\/\/paripesalive.com\/wp-content\/uploads\/2023\/09\/bonus3-150x150.png 150w, https:\/\/paripesalive.com\/wp-content\/uploads\/2023\/09\/bonus3-80x80.png 80w, https:\/\/paripesalive.com\/wp-content\/uploads\/2023\/09\/bonus3-24x24.png 24w, https:\/\/paripesalive.com\/wp-content\/uploads\/2023\/09\/bonus3-36x36.png 36w, https:\/\/paripesalive.com\/wp-content\/uploads\/2023\/09\/bonus3-48x48.png 48w\" sizes=\"auto, (max-width: 242px) 100vw, 242px\" \/><\/div><\/div><div class=\"w-separator size_custom\" style=\"height:10px\"><\/div><div class=\"w-text us_custom_08d4e8aa has_text_color\"><span url class=\"w-text-h\"><span class=\"w-text-value\">OFERTA SEXTA<\/span><\/span><\/div><div class=\"w-separator size_custom\" style=\"height:10px\"><\/div><div class=\"w-text us_custom_051de6fb has_text_color\"><span url class=\"w-text-h\"><span class=\"w-text-value\">100% no dep\u00f3sito de sexta-feira com um limite de $500 euros<\/span><\/span><\/div><div class=\"w-separator size_custom\" style=\"height:20px\"><\/div><div class=\"w-btn-wrapper align_center\"><a class=\"w-btn us-btn-style_1 us_custom_d5c74bc1\" href=\"https:\/\/paripesalive.com\/go\/bonus\"><span class=\"w-btn-label\">INSCREVER-SE<\/span><\/a><\/div><\/div><\/div><\/div><div class=\"wpb_column vc_column_container\"><div class=\"vc_column-inner\"><div class=\"w-vwrapper us_custom_b6b7bf55 align_none valign_top\" style=\"--vwrapper-gap:0rem\"><div class=\"w-image align_center\"><div url class=\"w-image-h\"><img loading=\"lazy\" decoding=\"async\" width=\"242\" height=\"242\" src=\"https:\/\/paripesalive.com\/wp-content\/uploads\/2023\/09\/bonus4.png\" class=\"attachment-full size-full\" alt=\"\" srcset=\"https:\/\/paripesalive.com\/wp-content\/uploads\/2023\/09\/bonus4.png 242w, https:\/\/paripesalive.com\/wp-content\/uploads\/2023\/09\/bonus4-150x150.png 150w, https:\/\/paripesalive.com\/wp-content\/uploads\/2023\/09\/bonus4-80x80.png 80w, https:\/\/paripesalive.com\/wp-content\/uploads\/2023\/09\/bonus4-24x24.png 24w, https:\/\/paripesalive.com\/wp-content\/uploads\/2023\/09\/bonus4-36x36.png 36w, https:\/\/paripesalive.com\/wp-content\/uploads\/2023\/09\/bonus4-48x48.png 48w\" sizes=\"auto, (max-width: 242px) 100vw, 242px\" \/><\/div><\/div><div class=\"w-separator size_custom\" style=\"height:10px\"><\/div><div class=\"w-text us_custom_08d4e8aa has_text_color\"><span url class=\"w-text-h\"><span class=\"w-text-value\">OFERTA DE VOLTA EM DINHEIRO<\/span><\/span><\/div><div class=\"w-separator size_custom\" style=\"height:10px\"><\/div><div class=\"w-text us_custom_051de6fb has_text_color\"><span url class=\"w-text-h\"><span class=\"w-text-value\">0,3% de cashback em todas as apostas esportivas<\/span><\/span><\/div><div class=\"w-separator size_custom\" style=\"height:20px\"><\/div><div class=\"w-btn-wrapper align_center\"><a class=\"w-btn us-btn-style_1 us_custom_d5c74bc1\" href=\"https:\/\/paripesalive.com\/go\/bonus\"><span class=\"w-btn-label\">INSCREVER-SE<\/span><\/a><\/div><\/div><\/div><\/div><\/div><div class=\"w-separator size_custom\" style=\"height:30px\"><\/div><div class=\"w-text us_custom_350bed38 has_text_color\"><span url class=\"w-text-h\"><span class=\"w-text-value\">PROMO\u00c7\u00c3O PARA NOVOS MEMBROS (APOSTAS)<\/span><\/span><\/div><div class=\"w-separator size_custom\" style=\"height:30px\"><\/div><div class=\"wpb_text_column us_custom_6df4bc3a has_text_color\"><div class=\"wpb_wrapper\"><p>O b\u00f4nus de dep\u00f3sito \u00e9 um cl\u00e1ssico para as plataformas dedicadas a eventos esportivos. Ao recompensar os usu\u00e1rios por sua primeira recarga, os operadores podem assim incentiv\u00e1-los a experimentar em mercados mais complexos, sem a preocupa\u00e7\u00e3o de perder grandes somas. As promo\u00e7\u00f5es da PariPesa n\u00e3o s\u00e3o diferentes, oferecendo a duplica\u00e7\u00e3o do que \u00e9 recarregado imediatamente ap\u00f3s a inscri\u00e7\u00e3o com at\u00e9 R$ 600. A soma pode ser usada sem limite para apostas extras.<\/p>\n<\/div><\/div><div class=\"w-separator size_custom\" style=\"height:30px\"><\/div><div class=\"w-text us_custom_350bed38 has_text_color\"><span url class=\"w-text-h\"><span class=\"w-text-value\">PROMO\u00c7\u00c3O PARA NOVOS MEMBROS (CASSINO)<\/span><\/span><\/div><div class=\"w-separator size_custom\" style=\"height:30px\"><\/div><div class=\"wpb_text_column us_custom_6df4bc3a has_text_color\"><div class=\"wpb_wrapper\"><p>O B\u00f4nus PariPesa oferecido aos novos membros n\u00e3o se limita ao mundo das apostas, mas dobra ainda mais generosamente para aqueles que buscam uma pausa da adrenalina das penas e puni\u00e7\u00f5es. O b\u00f4nus de cadastro dedicado aos jogos de cartas favoritos do Brasil e os mais de mil slots da plataforma oferecem a duplica\u00e7\u00e3o da primeira recarga at\u00e9 R$ 1500. E tudo isso sem ter que inserir c\u00f3digos promocionais ou ter que passar por etapas de ativa\u00e7\u00e3o complexas.<\/p>\n<\/div><\/div><div class=\"w-separator size_custom\" style=\"height:30px\"><\/div><div class=\"w-text us_custom_350bed38 has_text_color\"><span url class=\"w-text-h\"><span class=\"w-text-value\">PariPesa B\u00d4NUS OFERECIDOS REGULARMENTE TODAS AS SEMANAS<\/span><\/span><\/div><div class=\"w-separator size_custom\" style=\"height:30px\"><\/div><div class=\"wpb_text_column us_custom_6df4bc3a has_text_color\"><div class=\"wpb_wrapper\"><p>A primeira regra desta plataforma quando se trata de oferecer ofertas semanais aos seus usu\u00e1rios \u00e9 n\u00e3o exigir a entrada de c\u00f3digos promocionais: um verdadeiro recurso plug-and-play. Aqui est\u00e3o listados alguns dos b\u00f4nus do cassino, b\u00f4nus de apostas esportivas ou b\u00f4nus semanais e mais que o bookmaker reserva para usu\u00e1rios novos e leais dentro de sua gama de promo\u00e7\u00f5es.<\/p>\n<p>&#8211; Esperando, ou antecipando dependendo da prefer\u00eancia de cada um, a sexta-feira para fazer uma recarga permite um b\u00f4nus de apostas em dinheiro de at\u00e9 R$ 500. Esta oferta n\u00e3o requer giros livres e duplica o montante transferido.<\/p>\n<p>&#8211; Os apostadores brasileiros com cart\u00f5es de cr\u00e9dito s\u00e3o os que mais apreciar\u00e3o a oferta de caixa, que transporta o dinheiro Visa e Mastercard diretamente para seus boletos de aposta. Sem nenhuma exig\u00eancia especial de b\u00f4nus, a PariPesa Brasil retorna 0,3% de todas as apostas semanais at\u00e9 R$ 500.<\/p>\n<p>&#8211; A mais popular das ofertas semanais, a loteria como PariPesa b\u00f4nus de inscri\u00e7\u00e3o. Tudo o que voc\u00ea precisa fazer \u00e9 fazer uma recarga para receber at\u00e9 1.600 bilhetes potencialmente vencedores de gra\u00e7a. Em vez de oferecer b\u00f4nus de dinheiro real, a loteria recompensa os ganhadores com dispositivos para tornar a experi\u00eancia de jogo ainda mais memor\u00e1vel, tais como iPads e MacBooks.<\/p>\n<\/div><\/div><div class=\"w-separator size_custom\" style=\"height:30px\"><\/div><div class=\"w-text us_custom_350bed38 has_text_color\"><span url class=\"w-text-h\"><span class=\"w-text-value\">REQUISITOS PARA O RECEBIMENTO DE B\u00d4NUS<\/span><\/span><\/div><div class=\"w-separator size_custom\" style=\"height:30px\"><\/div><div class=\"wpb_text_column us_custom_6df4bc3a has_text_color\"><div class=\"wpb_wrapper\"><p>Quer voc\u00ea os utilize para apostas extras ou outras rodadas de slots, os b\u00f4nus em dinheiro oferecidos pela plataforma est\u00e3o sujeitos a certas regras a fim de poder retirar os ganhos realizados com eles.<\/p>\n<p>Aqui est\u00e1 um resumo esquem\u00e1tico dos principais em vigor para o Brasil.<\/p>\n<ol>\n<li>As promo\u00e7\u00f5es de dinheiro gr\u00e1tis, como o b\u00f4nus de Inscri\u00e7\u00e3o a serem usadas em apostas requerem apostas m\u00faltiplas com pelo menos tr\u00eas probabilidades que excedam 1,40. A soma apostada deve ser pelo menos 5 vezes aquela recebida com o b\u00f4nus.<\/li>\n<li>Embora n\u00e3o sejam necess\u00e1rios c\u00f3digos promocionais PariPesa, a oferta do cassino libera ganhos realizados ap\u00f3s apostar n\u00e3o mais do que R$ 24 por pelo menos 50 vezes seu valor.<\/li>\n<li>Os requisitos para o b\u00f4nus de reembolso s\u00e3o mais rigorosos do que aqueles para a oferta inicial, exigindo que ele seja utilizado em apostas m\u00faltiplas, das quais cada linha exceda 1,50.<\/li>\n<\/ol>\n<\/div><\/div><div class=\"w-separator size_custom\" style=\"height:30px\"><\/div><div class=\"w-btn-wrapper align_center\"><a class=\"w-btn us-btn-style_1 us_custom_d5c74bc1\" href=\"https:\/\/paripesalive.com\/go\/bonus\"><span class=\"w-btn-label\">INSCREVER-SE<\/span><\/a><\/div><div class=\"w-separator size_custom\" style=\"height:30px\"><\/div><div class=\"w-text us_custom_350bed38 has_text_color\"><span url class=\"w-text-h\"><span class=\"w-text-value\">PERGUNTAS FREQ\u00dcENTES<\/span><\/span><\/div><div class=\"w-separator size_custom\" style=\"height:30px\"><\/div><div class=\"w-tabs us_custom_3fbb5980 has_text_color style_default switch_click accordion has_scrolling\" style=\"--sections-title-size:22px\"><div class=\"w-tabs-sections titles-align_none icon_chevron cpos_right\"><div class=\"w-tabs-section\" id=\"m4a1\"><button class=\"w-tabs-section-header\" aria-controls=\"content-m4a1\" aria-expanded=\"false\"><div class=\"w-tabs-section-title\">POSSO TAMB\u00c9M RECEBER A PROMO\u00c7\u00c3O DE CADASTRO NO APLICATIVO M\u00d3VEL?<\/div><div class=\"w-tabs-section-control\"><\/div><\/button><div  class=\"w-tabs-section-content\" id=\"content-m4a1\"><div class=\"w-tabs-section-content-h i-cf\"><div class=\"wpb_text_column us_custom_dcb976c1 has_text_color\"><div class=\"wpb_wrapper\"><p>Os novos usu\u00e1rios da PariPesa Brasil podem contar com uma plataforma integrada que parece diferente, seja como um site cl\u00e1ssico, site responsivo ou aplicativo, mas que garante a mesma gama de promo\u00e7\u00f5es em todos os lugares sem necessidade de ter c\u00f3digo promocional.<\/p>\n<\/div><\/div><\/div><\/div><\/div><div class=\"w-tabs-section\" id=\"y5de\"><button class=\"w-tabs-section-header\" aria-controls=\"content-y5de\" aria-expanded=\"false\"><div class=\"w-tabs-section-title\">OS USU\u00c1RIOS DA PariPesa PODEM TIRAR VANTAGEM DOS B\u00d4NUS SEM DEP\u00d3SITO?<\/div><div class=\"w-tabs-section-control\"><\/div><\/button><div  class=\"w-tabs-section-content\" id=\"content-y5de\"><div class=\"w-tabs-section-content-h i-cf\"><div class=\"wpb_text_column us_custom_dcb976c1 has_text_color\"><div class=\"wpb_wrapper\"><p>A plataforma \u00e9 uma das poucas no mercado que n\u00e3o possui c\u00f3digos de b\u00f4nus PariPesa como pr\u00e9-requisito para acessar as suas ofertas, que s\u00e3o pagas automaticamente. Entretanto, n\u00e3o \u00e9 poss\u00edvel receber apostas gr\u00e1tis ou jogo extra no cassino sem ter feito um dep\u00f3sito m\u00ednimo antes.<\/p>\n<\/div><\/div><\/div><\/div><\/div><div class=\"w-tabs-section\" id=\"k6dd\"><button class=\"w-tabs-section-header\" aria-controls=\"content-k6dd\" aria-expanded=\"false\"><div class=\"w-tabs-section-title\">COMO OBTER OS B\u00d4NUS AOS QUAIS TEM DIREITO NA PariPesa?<\/div><div class=\"w-tabs-section-control\"><\/div><\/button><div  class=\"w-tabs-section-content\" id=\"content-k6dd\"><div class=\"w-tabs-section-content-h i-cf\"><div class=\"wpb_text_column us_custom_dcb976c1 has_text_color\"><div class=\"wpb_wrapper\"><p>Quer seja o b\u00f4nus de dep\u00f3sito inicial ou outras ofertas subseq\u00fcentes, os usu\u00e1rios no Brasil que atenderem aos requisitos os ver\u00e3o creditados automaticamente e prontos para uso.<\/p>\n<\/div><\/div><\/div><\/div><\/div><\/div><\/div><div class=\"w-separator size_custom\" style=\"height:50px\"><\/div><\/div><\/div><\/div><\/div><\/section>\n","protected":false},"excerpt":{"rendered":"PariPesa B\u00d4NUS NO BRASILINSCREVER-SEFUTEBOLBASQUETEBOLH\u00d3QUEIRUGBYESPORTSRegras do b\u00f4nus Paripesa Brasil 2025Se lemos algumas das muitas cr\u00edticas positivas nesta plataforma, a coisa que as une \u00e9 o elogio \u00e0s numerosas ofertas dos PariPesa b\u00f4nus. Estes n\u00e3o incluem apenas promo\u00e7\u00f5es para novos membros, tais como apostas gr\u00e1tis ou somas extras no cassino. Na verdade, as ofertas semanais incluem dinheiro...","protected":false},"author":1,"featured_media":0,"parent":0,"menu_order":0,"comment_status":"closed","ping_status":"closed","template":"","meta":{"footnotes":""},"class_list":["post-706","page","type-page","status-publish","hentry"],"_links":{"self":[{"href":"https:\/\/paripesalive.com\/pt-br\/wp-json\/wp\/v2\/pages\/706","targetHints":{"allow":["GET"]}}],"collection":[{"href":"https:\/\/paripesalive.com\/pt-br\/wp-json\/wp\/v2\/pages"}],"about":[{"href":"https:\/\/paripesalive.com\/pt-br\/wp-json\/wp\/v2\/types\/page"}],"author":[{"embeddable":true,"href":"https:\/\/paripesalive.com\/pt-br\/wp-json\/wp\/v2\/users\/1"}],"replies":[{"embeddable":true,"href":"https:\/\/paripesalive.com\/pt-br\/wp-json\/wp\/v2\/comments?post=706"}],"version-history":[{"count":5,"href":"https:\/\/paripesalive.com\/pt-br\/wp-json\/wp\/v2\/pages\/706\/revisions"}],"predecessor-version":[{"id":799,"href":"https:\/\/paripesalive.com\/pt-br\/wp-json\/wp\/v2\/pages\/706\/revisions\/799"}],"wp:attachment":[{"href":"https:\/\/paripesalive.com\/pt-br\/wp-json\/wp\/v2\/media?parent=706"}],"curies":[{"name":"wp","href":"https:\/\/api.w.org\/{rel}","templated":true}]}}