{"id":718,"date":"2023-09-03T15:51:10","date_gmt":"2023-09-03T12:51:10","guid":{"rendered":"https:\/\/paripesalive.com\/app\/"},"modified":"2025-03-19T17:02:14","modified_gmt":"2025-03-19T14:02:14","slug":"app","status":"publish","type":"page","link":"https:\/\/paripesalive.com\/pt-br\/app\/","title":{"rendered":"PariPesa APP"},"content":{"rendered":"<section class=\"l-section wpb_row height_auto width_custom with_img\" style=\"--site-content-width:1100px;\"><div class=\"l-section-img\" role=\"img\" data-img-width=\"925\" data-img-height=\"424\" style=\"background-image: url(https:\/\/paripesalive.com\/wp-content\/uploads\/2023\/09\/22bet-br-1.jpg);\"><\/div><div class=\"l-section-overlay\" style=\"background:rgba(0,0,0,0.20)\"><\/div><div class=\"l-section-h i-cf\"><div class=\"g-cols vc_row via_grid cols_1 laptops-cols_inherit tablets-cols_inherit mobiles-cols_1 valign_top type_default stacking_default\"><div class=\"wpb_column vc_column_container\"><div class=\"vc_column-inner\"><div class=\"g-cols wpb_row us_custom_a9fd8ff6 via_grid cols_2-1 laptops-cols_inherit tablets-cols_inherit mobiles-cols_1 valign_bottom type_default stacking_default\"><div class=\"wpb_column vc_column_container\"><div class=\"vc_column-inner\"><\/div><\/div><div class=\"wpb_column vc_column_container us_custom_69dd7e81 has_bg_color\"><div class=\"vc_column-inner\"><div class=\"w-separator size_custom\" style=\"height:30px\"><\/div><div class=\"w-text us_custom_36183122 has_text_color\"><span url class=\"w-text-h\"><span class=\"w-text-value\">PariPesa APP<\/span><\/span><\/div><div class=\"w-separator size_custom\" style=\"height:30px\"><\/div><div class=\"w-btn-wrapper align_left\"><a class=\"w-btn us-btn-style_1 us_custom_d5c74bc1\" href=\"https:\/\/paripesalive.com\/go\/bonus\"><span class=\"w-btn-label\">INSCREVER-SE<\/span><\/a><\/div><div class=\"w-separator size_custom\" style=\"height:30px\"><\/div><\/div><\/div><\/div><\/div><\/div><\/div><\/div><\/section><section class=\"l-section wpb_row height_auto width_custom with_img\" style=\"--site-content-width:1100px;\"><div class=\"l-section-img\" role=\"img\" data-img-width=\"925\" data-img-height=\"424\" style=\"background-image: url(https:\/\/paripesalive.com\/wp-content\/uploads\/2023\/09\/22bet-br-1.jpg);\"><\/div><div class=\"l-section-overlay\" style=\"background:rgba(0,0,0,0.20)\"><\/div><div class=\"l-section-h i-cf\"><div class=\"g-cols vc_row via_grid cols_1 laptops-cols_inherit tablets-cols_inherit mobiles-cols_1 valign_top type_default stacking_default\"><div class=\"wpb_column vc_column_container\"><div class=\"vc_column-inner\"><div class=\"w-hwrapper valign_top wrap stack_on_mobiles align_center\" style=\"--hwrapper-gap:0px\"><div class=\"w-btn-wrapper align_center\"><a class=\"w-btn us-btn-style_4 us_custom_e645dbf4 icon_atleft\" href=\"https:\/\/paripesalive.com\/go\/bonus\"><i class=\"far fa-futbol\"><\/i><span class=\"w-btn-label\">FUTEBOL<\/span><\/a><\/div><div class=\"w-btn-wrapper align_center\"><a class=\"w-btn us-btn-style_4 us_custom_ef548e81 icon_atleft\" href=\"https:\/\/paripesalive.com\/go\/bonus\"><i class=\"far fa-basketball-ball\"><\/i><span class=\"w-btn-label\">BASQUETEBOL<\/span><\/a><\/div><div class=\"w-btn-wrapper align_center\"><a class=\"w-btn us-btn-style_4 us_custom_2d395f04 icon_atleft\" href=\"https:\/\/paripesalive.com\/go\/bonus\"><i class=\"far fa-hockey-sticks\"><\/i><span class=\"w-btn-label\">H\u00d3QUEI<\/span><\/a><\/div><div class=\"w-btn-wrapper align_center\"><a class=\"w-btn us-btn-style_4 us_custom_2d395f04 icon_atleft\" href=\"https:\/\/paripesalive.com\/go\/bonus\"><i class=\"far fa-football-ball\"><\/i><span class=\"w-btn-label\">RUGBY<\/span><\/a><\/div><div class=\"w-btn-wrapper align_center\"><a class=\"w-btn us-btn-style_4 us_custom_e645dbf4 icon_atleft\" href=\"https:\/\/paripesalive.com\/go\/bonus\"><i class=\"far fa-gamepad-alt\"><\/i><span class=\"w-btn-label\">ESPORTS<\/span><\/a><\/div><\/div><\/div><\/div><\/div><\/div><\/section><section class=\"l-section wpb_row us_custom_ed6495de height_auto width_custom\" style=\"--site-content-width:1100px;\"><div class=\"l-section-h i-cf\"><div class=\"g-cols vc_row via_grid cols_1 laptops-cols_inherit tablets-cols_inherit mobiles-cols_1 valign_top type_default stacking_default\"><div class=\"wpb_column vc_column_container\"><div class=\"vc_column-inner\"><div class=\"w-separator size_custom\" style=\"height:30px\"><\/div><div class=\"wpb_text_column us_custom_6df4bc3a has_text_color\"><div class=\"wpb_wrapper\"><h1>Aplicativo Paripesa Brasil download IOS e Android<\/h1>\n<p>Com dezenas de milhares de usu\u00e1rios cadastrados e um n\u00famero regular de novos assinantes todos os dias, a plataforma n\u00e3o estaria no topo dos gr\u00e1ficos se n\u00e3o tivesse preparado um site m\u00f3vel adequado. De fato, quem escolhe a PariPesa sabe que pode contar com um design e gr\u00e1ficos responsivos que garantem uma visualiza\u00e7\u00e3o perfeita nos principais tablets e telefones do mercado brasileiro. Nem mesmo os aficionados por aplicativos ficar\u00e3o desapontados com um produto como a PariPesa app compat\u00edvel com Apple e Google, dispon\u00edvel por download direto ou a partir da loja dedicada.<\/p>\n<\/div><\/div><div class=\"w-separator size_custom\" style=\"height:30px\"><\/div><div class=\"w-text us_custom_350bed38 has_text_color\"><span url class=\"w-text-h\"><span class=\"w-text-value\">COMO ACESSAR O APLICATIVO IOS<\/span><\/span><\/div><div class=\"w-separator size_custom\" style=\"height:30px\"><\/div><div class=\"wpb_text_column us_custom_6df4bc3a has_text_color\"><div class=\"wpb_wrapper\"><p>A plataforma foi adaptada para uso m\u00f3vel e \u00e9 compat\u00edvel com todos os navegadores atualmente utilizados, incluindo o Safari. Muitos usu\u00e1rios registrados, no entanto, preferem a conveni\u00eancia de um aplicativo de apostas para que n\u00e3o tenham que entrar sempre que quiserem dar uma volta em seu espa\u00e7o preferido da ind\u00fastria de apostas. Seja em um telefone celular ou em outro aparelho da Apple, a compatibilidade \u00e9 ampla.<\/p>\n<\/div><\/div><div class=\"w-separator size_custom\" style=\"height:30px\"><\/div><div class=\"w-text us_custom_350bed38 has_text_color\"><span url class=\"w-text-h\"><span class=\"w-text-value\">FAZER O DOWNLOAD DO APLICATIVO NO IOS<\/span><\/span><\/div><div class=\"w-separator size_custom\" style=\"height:30px\"><\/div><div class=\"wpb_text_column us_custom_6df4bc3a has_text_color\"><div class=\"wpb_wrapper\"><p>O procedimento para instalar a PariPesa e ter jogos e mercados dispon\u00edveis em todos os momentos \u00e9 particularmente simples para os usu\u00e1rios Apple, exigindo apenas uma etapa adicional, que pode ser revogada em seguida.<\/p>\n<ol>\n<li>Acesse o iTunes, se voc\u00ea n\u00e3o salvou as suas credenciais de login automaticamente, e abra o AppStore.<\/li>\n<li>A partir do menu Configura\u00e7\u00f5es, mude o seu pa\u00eds de resid\u00eancia do Brasil para Chipre e aceite os termos e condi\u00e7\u00f5es a partir da janela pop-up.<\/li>\n<li>Pule a parte em que voc\u00ea \u00e9 solicitado a entrar em um novo m\u00e9todo de pagamento.<\/li>\n<li>O aplicativo agora estar\u00e1 dispon\u00edvel na tela dentro de alguns segundos ap\u00f3s a instala\u00e7\u00e3o.<\/li>\n<\/ol>\n<\/div><\/div><div class=\"w-separator size_custom\" style=\"height:30px\"><\/div><div class=\"w-text us_custom_350bed38 has_text_color\"><span url class=\"w-text-h\"><span class=\"w-text-value\">COMO ACESSAR O APLICATIVO ANDROID<\/span><\/span><\/div><div class=\"w-separator size_custom\" style=\"height:30px\"><\/div><div class=\"wpb_text_column us_custom_6df4bc3a has_text_color\"><div class=\"wpb_wrapper\"><p>A maioria dos telefones do mundo e uma propor\u00e7\u00e3o substancial dos telefones brasileiros utilizam o sistema operacional do Google, raz\u00e3o pela qual a plataforma desenvolveu um PariPesa apk. Este aplicativo web leve torna poss\u00edvel visualizar todo o conte\u00fado do site cl\u00e1ssico tamb\u00e9m em comprimidos.<\/p>\n<\/div><\/div><div class=\"w-separator size_custom\" style=\"height:30px\"><\/div><div class=\"w-text us_custom_350bed38 has_text_color\"><span url class=\"w-text-h\"><span class=\"w-text-value\">FAZER O DOWNLOAD DO APLICATIVO NO ANDROID<\/span><\/span><\/div><div class=\"w-separator size_custom\" style=\"height:30px\"><\/div><div class=\"wpb_text_column us_custom_6df4bc3a has_text_color\"><div class=\"wpb_wrapper\"><p>Quer voc\u00ea use um smartphone ou outro tipo de dispositivo, o download do aplicativo Android \u00e9 um procedimento ainda mais simples do que para telefones Apple e n\u00e3o requer nem mesmo acesso ao Google Play.<\/p>\n<p>Aqui est\u00e3o os passos para come\u00e7ar a jogar no PariPesa.<\/p>\n<ol>\n<li>Acesse o site digitando seu endere\u00e7o em seu navegador m\u00f3vel<\/li>\n<li>Na tela do aplicativo, clique em Download para ter o arquivo APK dispon\u00edvel em seu telefone.<\/li>\n<li>Certifique-se de ter autorizado a abertura de arquivos baixados de fontes desconhecidas a fim de prosseguir e instalar o software.<\/li>\n<\/ol>\n<\/div><\/div><div class=\"w-separator size_custom\" style=\"height:30px\"><\/div><div class=\"w-text us_custom_350bed38 has_text_color\"><span url class=\"w-text-h\"><span class=\"w-text-value\">B\u00d4NUS DUPLO DE BOAS-VINDAS M\u00d3VEL<\/span><\/span><\/div><div class=\"w-separator size_custom\" style=\"height:30px\"><\/div><div class=\"wpb_text_column us_custom_6df4bc3a has_text_color\"><div class=\"wpb_wrapper\"><p>Os usu\u00e1rios da PariPesa Brasil podem ficar tranquilos: a plataforma opera no mesmo sistema inform\u00e1tico independentemente do modo de acesso. Isto significa que mesmo o site adaptado para apostas m\u00f3veis e o aplicativo permitem que os usu\u00e1rios aproveitem a dupla oferta de boas-vindas, que \u00e9 automaticamente dispensada ap\u00f3s a primeira recarga.<\/p>\n<p>Com t\u00e3o pouco quanto R$ 1, os f\u00e3s dos cassinos e os f\u00e3s das mesas ao vivo da Atmosphere diretamente de seus telefones celulares podem duplicar a sua recarga at\u00e9 R$ 1500 de dinheiro gratuito. Os especialistas em apostas esportivas m\u00f3veis tamb\u00e9m n\u00e3o ficam desapontados e recebem um b\u00f4nus de at\u00e9 R$ 600.<\/p>\n<\/div><\/div><div class=\"w-separator size_custom\" style=\"height:30px\"><\/div><div class=\"w-text us_custom_350bed38 has_text_color\"><span url class=\"w-text-h\"><span class=\"w-text-value\">PROCEDIMENTO DE CADASTRO NO CELULAR<\/span><\/span><\/div><div class=\"w-separator size_custom\" style=\"height:30px\"><\/div><div class=\"wpb_text_column us_custom_6df4bc3a has_text_color\"><div class=\"wpb_wrapper\"><p>Quem n\u00e3o consegue resistir \u00e0 id\u00e9ia de apostar em um jogo da liga durante uma pausa do trabalho, \u00e9 o usu\u00e1rio ideal da PariPesa. Esta plataforma de bookmaker otimizada para apostas m\u00f3veis lhe permite criar uma nova conta com seu nome, sobrenome, pa\u00eds de resid\u00eancia, um endere\u00e7o de e-mail v\u00e1lido e uma senha \u00e0 sua escolha. O navegador usa janelas pop-up, enquanto o aplicativo Android usa p\u00e1ginas separadas: essa \u00e9 apenas a diferen\u00e7a. O \u00fanico passo que \u00e9 importante prestar aten\u00e7\u00e3o \u00e9 o \u00faltimo, onde voc\u00ea \u00e9 solicitado a confirmar que deseja receber b\u00f4nus.<\/p>\n<\/div><\/div><div class=\"w-separator size_custom\" style=\"height:30px\"><\/div><div class=\"w-text us_custom_350bed38 has_text_color\"><span url class=\"w-text-h\"><span class=\"w-text-value\">SITE PARA NAVEGADORES M\u00d3VEIS<\/span><\/span><\/div><div class=\"w-separator size_custom\" style=\"height:30px\"><\/div><div class=\"wpb_text_column us_custom_6df4bc3a has_text_color\"><div class=\"wpb_wrapper\"><p>Independentemente do uso do Safari em telefones Apple, Chrome para usu\u00e1rios do Google ou outros navegadores como o Opera, a plataforma foi adaptada para celulares de uma forma quase universal. N\u00e3o apenas janelas, bot\u00f5es e texto n\u00e3o se sobrep\u00f5em ou s\u00e3o cortados por gr\u00e1ficos, mas o tamanho do texto responde de forma adapt\u00e1vel ao tamanho dos monitores para uma leitura suave.<\/p>\n<p>Com a mesma conex\u00e3o Wi-Fi ou 4G\/5G, o site m\u00f3vel responsivo n\u00e3o tem nada a invejar do aplicativo PariPesa. Na verdade, os jogos mant\u00eam os gr\u00e1ficos intatos em todas as resolu\u00e7\u00f5es e as mesas ao vivo, que dependem da qualidade da transmiss\u00e3o em streaming, t\u00eam uma apresenta\u00e7\u00e3o impec\u00e1vel como se voc\u00ea estivesse realmente no cassino.<\/p>\n<\/div><\/div><div class=\"w-separator size_custom\" style=\"height:30px\"><\/div><div class=\"w-text us_custom_350bed38 has_text_color\"><span url class=\"w-text-h\"><span class=\"w-text-value\">RAZ\u00d5ES PARA ESCOLHER O APLICATIVO M\u00d3VEL<\/span><\/span><\/div><div class=\"w-separator size_custom\" style=\"height:30px\"><\/div><div class=\"wpb_text_column us_custom_6df4bc3a has_text_color\"><div class=\"wpb_wrapper\"><p>Com a maioria dos usu\u00e1rios brasileiros voltando-se para os jogos online precisamente por sua conveni\u00eancia, \u00e9 a vers\u00e3o m\u00f3vel, a PariPesa App, que tem mais sucesso, como evidenciado pelo n\u00famero de downloads. A primeira raz\u00e3o \u00e9 sem d\u00favida a facilidade de instala\u00e7\u00e3o diretamente da AppStore ou com o arquivo APK dispon\u00edvel no site. O uso de uma App tamb\u00e9m permite, em compara\u00e7\u00e3o com a plataforma adaptada para apostas online m\u00f3veis, n\u00e3o ter que se conectar a cada vez, armazenar credenciais como um usu\u00e1rio registrado.<\/p>\n<\/div><\/div><div class=\"w-separator size_custom\" style=\"height:30px\"><\/div><div class=\"w-text us_custom_350bed38 has_text_color\"><span url class=\"w-text-h\"><span class=\"w-text-value\">EXIG\u00caNCIAS DE SISTEMA PARA CELULARES<\/span><\/span><\/div><div class=\"w-separator size_custom\" style=\"height:30px\"><\/div><div class=\"wpb_text_column us_custom_6df4bc3a has_text_color\"><div class=\"wpb_wrapper\"><p>O download do aplicativo dedicado pode ser feito em todos os dispositivos iOS e Android, mas a operadora recomenda o seu uso somente naqueles que possuem pelo menos as vers\u00f5es 7.0 e 5.0 relevantes. As apostas m\u00f3veis da PariPesa funcionam sem falhas em iPhones a partir de 5, bem como em iPads Touch e Air. A instala\u00e7\u00e3o do aplicativo tamb\u00e9m \u00e9 poss\u00edvel sem problemas para Samsung, LG, Huawei e assim por diante.<\/p>\n<\/div><\/div><div class=\"w-separator size_custom\" style=\"height:30px\"><\/div><div class=\"w-text us_custom_350bed38 has_text_color\"><span url class=\"w-text-h\"><span class=\"w-text-value\">M\u00c9TODOS DE PAGAMENTO M\u00d3VEL<\/span><\/span><\/div><div class=\"w-separator size_custom\" style=\"height:30px\"><\/div><div class=\"wpb_text_column us_custom_6df4bc3a has_text_color\"><div class=\"wpb_wrapper\"><p>Uma vez conectado \u00e0 plataforma responsiva ou ao aplicativo PariPesa pela primeira vez, os usu\u00e1rios s\u00e3o solicitados a selecionar um m\u00e9todo de pagamento, que ser\u00e1 automaticamente vinculado \u00e0 conta. Tanto no caso de apostas esportivas m\u00f3veis quanto nas op\u00e7\u00f5es de apostas em cassinos, uma vez esgotados os fundos dispon\u00edveis, ser\u00e1 poss\u00edvel repor a carteira eletr\u00f4nica com um \u00fanico clique. Entre os m\u00e9todos aceitos est\u00e3o os principais cart\u00f5es de cr\u00e9dito, transfer\u00eancias UnionPay, 5 carteiras eletr\u00f4nicas diferentes, incluindo Skrill e Payeer, e mais de 30 moedas criptogr\u00e1ficas.<\/p>\n<\/div><\/div><div class=\"w-separator size_custom\" style=\"height:30px\"><\/div><div class=\"w-btn-wrapper align_center\"><a class=\"w-btn us-btn-style_1 us_custom_d5c74bc1\" href=\"https:\/\/paripesalive.com\/go\/bonus\"><span class=\"w-btn-label\">INSCREVER-SE<\/span><\/a><\/div><div class=\"w-separator size_custom\" style=\"height:30px\"><\/div><div class=\"w-text us_custom_350bed38 has_text_color\"><span url class=\"w-text-h\"><span class=\"w-text-value\">PERGUNTAS FREQ\u00dcENTES<\/span><\/span><\/div><div class=\"w-separator size_custom\" style=\"height:30px\"><\/div><div class=\"w-tabs us_custom_3fbb5980 has_text_color style_default switch_click accordion has_scrolling\" style=\"--sections-title-size:22px\"><div class=\"w-tabs-sections titles-align_none icon_chevron cpos_right\"><div class=\"w-tabs-section\" id=\"d0bd\"><button class=\"w-tabs-section-header\" aria-controls=\"content-d0bd\" aria-expanded=\"false\"><div class=\"w-tabs-section-title\">O APLICATIVO M\u00d3VEL PariPesa TAMB\u00c9M PERMITE DEP\u00d3SITOS?<\/div><div class=\"w-tabs-section-control\"><\/div><\/button><div  class=\"w-tabs-section-content\" id=\"content-d0bd\"><div class=\"w-tabs-section-content-h i-cf\"><div class=\"wpb_text_column us_custom_dcb976c1 has_text_color\"><div class=\"wpb_wrapper\"><p>A plataforma utiliza o mesmo sistema de computador integrado para as vers\u00f5es otimizadas para celular, incluindo o aplicativo. Portanto, dep\u00f3sitos e saques tamb\u00e9m est\u00e3o dispon\u00edveis em smartphones e em qualquer outro dispositivo m\u00f3vel similares.<\/p>\n<\/div><\/div><\/div><\/div><\/div><div class=\"w-tabs-section\" id=\"a193\"><button class=\"w-tabs-section-header\" aria-controls=\"content-a193\" aria-expanded=\"false\"><div class=\"w-tabs-section-title\">O APLICATIVO M\u00d3VEL D\u00c1 DIREITO AOS JOGADORES AOS MESMOS B\u00d4NUS DE BOAS-VINDAS?<\/div><div class=\"w-tabs-section-control\"><\/div><\/button><div  class=\"w-tabs-section-content\" id=\"content-a193\"><div class=\"w-tabs-section-content-h i-cf\"><div class=\"wpb_text_column us_custom_dcb976c1 has_text_color\"><div class=\"wpb_wrapper\"><p>Com exce\u00e7\u00e3o das criptomoedas, os mesmos b\u00f4nus oferecidos para apostas m\u00f3veis ou cassino no site cl\u00e1ssico tamb\u00e9m s\u00e3o acess\u00edveis, pag\u00e1veis e utiliz\u00e1veis no aplicativo web.<\/p>\n<\/div><\/div><\/div><\/div><\/div><\/div><\/div><div class=\"w-separator size_custom\" style=\"height:50px\"><\/div><\/div><\/div><\/div><\/div><\/section>\n","protected":false},"excerpt":{"rendered":"PariPesa APPINSCREVER-SEFUTEBOLBASQUETEBOLH\u00d3QUEIRUGBYESPORTSAplicativo Paripesa Brasil download IOS e Android Com dezenas de milhares de usu\u00e1rios cadastrados e um n\u00famero regular de novos assinantes todos os dias, a plataforma n\u00e3o estaria no topo dos gr\u00e1ficos se n\u00e3o tivesse preparado um site m\u00f3vel adequado. De fato, quem escolhe a PariPesa sabe que pode contar com um design e...","protected":false},"author":1,"featured_media":0,"parent":0,"menu_order":0,"comment_status":"closed","ping_status":"closed","template":"","meta":{"footnotes":""},"class_list":["post-718","page","type-page","status-publish","hentry"],"_links":{"self":[{"href":"https:\/\/paripesalive.com\/pt-br\/wp-json\/wp\/v2\/pages\/718","targetHints":{"allow":["GET"]}}],"collection":[{"href":"https:\/\/paripesalive.com\/pt-br\/wp-json\/wp\/v2\/pages"}],"about":[{"href":"https:\/\/paripesalive.com\/pt-br\/wp-json\/wp\/v2\/types\/page"}],"author":[{"embeddable":true,"href":"https:\/\/paripesalive.com\/pt-br\/wp-json\/wp\/v2\/users\/1"}],"replies":[{"embeddable":true,"href":"https:\/\/paripesalive.com\/pt-br\/wp-json\/wp\/v2\/comments?post=718"}],"version-history":[{"count":4,"href":"https:\/\/paripesalive.com\/pt-br\/wp-json\/wp\/v2\/pages\/718\/revisions"}],"predecessor-version":[{"id":787,"href":"https:\/\/paripesalive.com\/pt-br\/wp-json\/wp\/v2\/pages\/718\/revisions\/787"}],"wp:attachment":[{"href":"https:\/\/paripesalive.com\/pt-br\/wp-json\/wp\/v2\/media?parent=718"}],"curies":[{"name":"wp","href":"https:\/\/api.w.org\/{rel}","templated":true}]}}