{"id":581,"date":"2023-09-03T15:40:44","date_gmt":"2023-09-03T12:40:44","guid":{"rendered":"https:\/\/paripesalive.com\/?page_id=581"},"modified":"2024-05-27T15:13:34","modified_gmt":"2024-05-27T12:13:34","slug":"bonuses","status":"publish","type":"page","link":"https:\/\/paripesalive.com\/pt-pt\/bonuses\/","title":{"rendered":"PariPesa B\u00d4NUS E C\u00d3DIGOS PROMOCIONAIS"},"content":{"rendered":"<section class=\"l-section wpb_row height_auto width_custom with_img\" style=\"--site-content-width:1100px;\"><div class=\"l-section-img\" role=\"img\" data-img-width=\"925\" data-img-height=\"424\" style=\"background-image: url(https:\/\/paripesalive.com\/wp-content\/uploads\/2023\/09\/22bet-br-1.jpg);\"><\/div><div class=\"l-section-overlay\" style=\"background:rgba(0,0,0,0.20)\"><\/div><div class=\"l-section-h i-cf\"><div class=\"g-cols vc_row via_grid cols_1 laptops-cols_inherit tablets-cols_inherit mobiles-cols_1 valign_top type_default stacking_default\"><div class=\"wpb_column vc_column_container\"><div class=\"vc_column-inner\"><div class=\"g-cols wpb_row us_custom_a9fd8ff6 via_grid cols_2-1 laptops-cols_inherit tablets-cols_inherit mobiles-cols_1 valign_bottom type_default stacking_default\"><div class=\"wpb_column vc_column_container\"><div class=\"vc_column-inner\"><\/div><\/div><div class=\"wpb_column vc_column_container us_custom_69dd7e81 has_bg_color\"><div class=\"vc_column-inner\"><div class=\"w-separator size_custom\" style=\"height:30px\"><\/div><div class=\"w-text us_custom_36183122 has_text_color\"><span url class=\"w-text-h\"><span class=\"w-text-value\">PariPesa B\u00d4NUS E C\u00d3DIGOS PROMOCIONAIS<\/span><\/span><\/div><div class=\"w-separator size_custom\" style=\"height:30px\"><\/div><div class=\"w-btn-wrapper align_left\"><a class=\"w-btn us-btn-style_1 us_custom_d5c74bc1\" href=\"https:\/\/paripesalive.com\/go\/bonus\"><span class=\"w-btn-label\">INSCREVER-SE<\/span><\/a><\/div><div class=\"w-separator size_custom\" style=\"height:30px\"><\/div><\/div><\/div><\/div><\/div><\/div><\/div><\/div><\/section><section class=\"l-section wpb_row height_auto width_custom with_img\" style=\"--site-content-width:1100px;\"><div class=\"l-section-img\" role=\"img\" data-img-width=\"925\" data-img-height=\"424\" style=\"background-image: url(https:\/\/paripesalive.com\/wp-content\/uploads\/2023\/09\/22bet-br-1.jpg);\"><\/div><div class=\"l-section-overlay\" style=\"background:rgba(0,0,0,0.20)\"><\/div><div class=\"l-section-h i-cf\"><div class=\"g-cols vc_row via_grid cols_1 laptops-cols_inherit tablets-cols_inherit mobiles-cols_1 valign_top type_default stacking_default\"><div class=\"wpb_column vc_column_container\"><div class=\"vc_column-inner\"><div class=\"w-hwrapper valign_top wrap stack_on_mobiles align_center\" style=\"--hwrapper-gap:0px\"><div class=\"w-btn-wrapper align_center\"><a class=\"w-btn us-btn-style_4 us_custom_e645dbf4 icon_atleft\" href=\"https:\/\/paripesalive.com\/go\/bonus\"><i class=\"far fa-futbol\"><\/i><span class=\"w-btn-label\">FUTEBOL<\/span><\/a><\/div><div class=\"w-btn-wrapper align_center\"><a class=\"w-btn us-btn-style_4 us_custom_ef548e81 icon_atleft\" href=\"https:\/\/paripesalive.com\/go\/bonus\"><i class=\"far fa-basketball-ball\"><\/i><span class=\"w-btn-label\">BASQUETEBOL<\/span><\/a><\/div><div class=\"w-btn-wrapper align_center\"><a class=\"w-btn us-btn-style_4 us_custom_2d395f04 icon_atleft\" href=\"https:\/\/paripesalive.com\/go\/bonus\"><i class=\"far fa-hockey-sticks\"><\/i><span class=\"w-btn-label\">H\u00d3QUEI<\/span><\/a><\/div><div class=\"w-btn-wrapper align_center\"><a class=\"w-btn us-btn-style_4 us_custom_2d395f04 icon_atleft\" href=\"https:\/\/paripesalive.com\/go\/bonus\"><i class=\"far fa-football-ball\"><\/i><span class=\"w-btn-label\">RUGBY<\/span><\/a><\/div><div class=\"w-btn-wrapper align_center\"><a class=\"w-btn us-btn-style_4 us_custom_e645dbf4 icon_atleft\" href=\"https:\/\/paripesalive.com\/go\/bonus\"><i class=\"far fa-gamepad-alt\"><\/i><span class=\"w-btn-label\">ESPORTS<\/span><\/a><\/div><\/div><\/div><\/div><\/div><\/div><\/section><section class=\"l-section wpb_row us_custom_ed6495de height_auto width_custom\" style=\"--site-content-width:1100px;\"><div class=\"l-section-h i-cf\"><div class=\"g-cols vc_row via_grid cols_1 laptops-cols_inherit tablets-cols_inherit mobiles-cols_1 valign_top type_default stacking_default\"><div class=\"wpb_column vc_column_container\"><div class=\"vc_column-inner\"><div class=\"w-separator size_custom\" style=\"height:30px\"><\/div><div class=\"w-text us_custom_350bed38 has_text_color\"><span url class=\"w-text-h\"><span class=\"w-text-value\">REVIS\u00c3O SOBRE OS B\u00d4NUS PariPesa EM PORTUGAL<\/span><\/span><\/div><div class=\"w-separator size_custom\" style=\"height:30px\"><\/div><div class=\"wpb_text_column us_custom_6df4bc3a has_text_color\"><div class=\"wpb_wrapper\"><p>Algo que j\u00e1 h\u00e1 alguns anos vem se mostrando um casamento perfeito \u00e9 a jun\u00e7\u00e3o de b\u00f3nus e sites de apostas. Prova disso \u00e9 que praticamente 100 por cento dos casinos online t\u00eam alguma oferta de b\u00f3nus. E o PariPesa bonus \u00e9 um dos melhores do momento em Portugal. Portanto, fique atento ao artigo at\u00e9 o final para conhecer as principais ofertas promocionais deste operador.<\/p>\n<\/div><\/div><div class=\"w-separator size_custom\" style=\"height:30px\"><\/div><div class=\"g-cols wpb_row via_grid cols_2 laptops-cols_inherit tablets-cols_inherit mobiles-cols_1 valign_top type_default stacking_default\" style=\"grid-gap:30px;\"><div class=\"wpb_column vc_column_container\"><div class=\"vc_column-inner\"><div class=\"w-vwrapper us_custom_b6b7bf55 align_none valign_top\" style=\"--vwrapper-gap:0rem\"><div class=\"w-image align_center\"><div url class=\"w-image-h\"><img loading=\"lazy\" decoding=\"async\" width=\"242\" height=\"242\" src=\"https:\/\/paripesalive.com\/wp-content\/uploads\/2023\/09\/bonus1.png\" class=\"attachment-full size-full\" alt=\"\" srcset=\"https:\/\/paripesalive.com\/wp-content\/uploads\/2023\/09\/bonus1.png 242w, https:\/\/paripesalive.com\/wp-content\/uploads\/2023\/09\/bonus1-150x150.png 150w, https:\/\/paripesalive.com\/wp-content\/uploads\/2023\/09\/bonus1-80x80.png 80w, https:\/\/paripesalive.com\/wp-content\/uploads\/2023\/09\/bonus1-24x24.png 24w, https:\/\/paripesalive.com\/wp-content\/uploads\/2023\/09\/bonus1-36x36.png 36w, https:\/\/paripesalive.com\/wp-content\/uploads\/2023\/09\/bonus1-48x48.png 48w\" sizes=\"auto, (max-width: 242px) 100vw, 242px\" \/><\/div><\/div><div class=\"w-separator size_custom\" style=\"height:10px\"><\/div><div class=\"w-text us_custom_08d4e8aa has_text_color\"><span url class=\"w-text-h\"><span class=\"w-text-value\">B\u00d3NUS DE BOAS-VINDAS PARA APOSTAS DESPORTIVAS<\/span><\/span><\/div><div class=\"w-separator size_custom\" style=\"height:10px\"><\/div><div class=\"w-text us_custom_051de6fb has_text_color\"><span url class=\"w-text-h\"><span class=\"w-text-value\">Aproveita e faz teu registo na PariPesa para ganhar um belo b\u00f3nus de 100 euros.<\/span><\/span><\/div><div class=\"w-separator size_custom\" style=\"height:20px\"><\/div><div class=\"w-btn-wrapper align_center\"><a class=\"w-btn us-btn-style_1 us_custom_d5c74bc1\" href=\"https:\/\/paripesalive.com\/go\/bonus\"><span class=\"w-btn-label\">INSCREVER-SE<\/span><\/a><\/div><\/div><\/div><\/div><div class=\"wpb_column vc_column_container\"><div class=\"vc_column-inner\"><div class=\"w-vwrapper us_custom_b6b7bf55 align_none valign_top\" style=\"--vwrapper-gap:0rem\"><div class=\"w-image align_center\"><div url class=\"w-image-h\"><img loading=\"lazy\" decoding=\"async\" width=\"242\" height=\"242\" src=\"https:\/\/paripesalive.com\/wp-content\/uploads\/2023\/09\/bonus2.png\" class=\"attachment-full size-full\" alt=\"\" srcset=\"https:\/\/paripesalive.com\/wp-content\/uploads\/2023\/09\/bonus2.png 242w, https:\/\/paripesalive.com\/wp-content\/uploads\/2023\/09\/bonus2-150x150.png 150w, https:\/\/paripesalive.com\/wp-content\/uploads\/2023\/09\/bonus2-80x80.png 80w, https:\/\/paripesalive.com\/wp-content\/uploads\/2023\/09\/bonus2-24x24.png 24w, https:\/\/paripesalive.com\/wp-content\/uploads\/2023\/09\/bonus2-36x36.png 36w, https:\/\/paripesalive.com\/wp-content\/uploads\/2023\/09\/bonus2-48x48.png 48w\" sizes=\"auto, (max-width: 242px) 100vw, 242px\" \/><\/div><\/div><div class=\"w-separator size_custom\" style=\"height:10px\"><\/div><div class=\"w-text us_custom_08d4e8aa has_text_color\"><span url class=\"w-text-h\"><span class=\"w-text-value\">B\u00d3NUS DE BOAS-VINDAS PARA APOSTAS DESPORTIVAS<\/span><\/span><\/div><div class=\"w-separator size_custom\" style=\"height:10px\"><\/div><div class=\"w-text us_custom_051de6fb has_text_color\"><span url class=\"w-text-h\"><span class=\"w-text-value\">Reclama um b\u00f3nus de 300 euros na PariPesa ao fazer teu registo, para tal basta selecionar a oferta de boas-vindas do casino.<\/span><\/span><\/div><div class=\"w-separator size_custom\" style=\"height:20px\"><\/div><div class=\"w-btn-wrapper align_center\"><a class=\"w-btn us-btn-style_1 us_custom_d5c74bc1\" href=\"https:\/\/paripesalive.com\/go\/bonus\"><span class=\"w-btn-label\">INSCREVER-SE<\/span><\/a><\/div><\/div><\/div><\/div><\/div><div class=\"w-separator size_custom\" style=\"height:30px\"><\/div><div class=\"g-cols wpb_row via_grid cols_2 laptops-cols_inherit tablets-cols_inherit mobiles-cols_1 valign_top type_default stacking_default\" style=\"grid-gap:30px;\"><div class=\"wpb_column vc_column_container\"><div class=\"vc_column-inner\"><div class=\"w-vwrapper us_custom_b6b7bf55 align_none valign_top\" style=\"--vwrapper-gap:0rem\"><div class=\"w-image align_center\"><div url class=\"w-image-h\"><img loading=\"lazy\" decoding=\"async\" width=\"242\" height=\"242\" src=\"https:\/\/paripesalive.com\/wp-content\/uploads\/2023\/09\/bonus3.png\" class=\"attachment-full size-full\" alt=\"\" srcset=\"https:\/\/paripesalive.com\/wp-content\/uploads\/2023\/09\/bonus3.png 242w, https:\/\/paripesalive.com\/wp-content\/uploads\/2023\/09\/bonus3-150x150.png 150w, https:\/\/paripesalive.com\/wp-content\/uploads\/2023\/09\/bonus3-80x80.png 80w, https:\/\/paripesalive.com\/wp-content\/uploads\/2023\/09\/bonus3-24x24.png 24w, https:\/\/paripesalive.com\/wp-content\/uploads\/2023\/09\/bonus3-36x36.png 36w, https:\/\/paripesalive.com\/wp-content\/uploads\/2023\/09\/bonus3-48x48.png 48w\" sizes=\"auto, (max-width: 242px) 100vw, 242px\" \/><\/div><\/div><div class=\"w-separator size_custom\" style=\"height:10px\"><\/div><div class=\"w-text us_custom_08d4e8aa has_text_color\"><span url class=\"w-text-h\"><span class=\"w-text-value\">CORRIDA SEMANAL PariPesa<\/span><\/span><\/div><div class=\"w-separator size_custom\" style=\"height:10px\"><\/div><div class=\"w-text us_custom_051de6fb has_text_color\"><span url class=\"w-text-h\"><span class=\"w-text-value\">Divirta-se com os milhares de slots da PariPesa e ainda ganhe b\u00f3nus por isso, pontue a cada euro apostado e aumente suas chances de ganhar at\u00e9 1500 euros por semana.<\/span><\/span><\/div><div class=\"w-separator size_custom\" style=\"height:20px\"><\/div><div class=\"w-btn-wrapper align_center\"><a class=\"w-btn us-btn-style_1 us_custom_d5c74bc1\" href=\"https:\/\/paripesalive.com\/go\/bonus\"><span class=\"w-btn-label\">INSCREVER-SE<\/span><\/a><\/div><\/div><\/div><\/div><div class=\"wpb_column vc_column_container\"><div class=\"vc_column-inner\"><div class=\"w-vwrapper us_custom_b6b7bf55 align_none valign_top\" style=\"--vwrapper-gap:0rem\"><div class=\"w-image align_center\"><div url class=\"w-image-h\"><img loading=\"lazy\" decoding=\"async\" width=\"242\" height=\"242\" src=\"https:\/\/paripesalive.com\/wp-content\/uploads\/2023\/09\/bonus4.png\" class=\"attachment-full size-full\" alt=\"\" srcset=\"https:\/\/paripesalive.com\/wp-content\/uploads\/2023\/09\/bonus4.png 242w, https:\/\/paripesalive.com\/wp-content\/uploads\/2023\/09\/bonus4-150x150.png 150w, https:\/\/paripesalive.com\/wp-content\/uploads\/2023\/09\/bonus4-80x80.png 80w, https:\/\/paripesalive.com\/wp-content\/uploads\/2023\/09\/bonus4-24x24.png 24w, https:\/\/paripesalive.com\/wp-content\/uploads\/2023\/09\/bonus4-36x36.png 36w, https:\/\/paripesalive.com\/wp-content\/uploads\/2023\/09\/bonus4-48x48.png 48w\" sizes=\"auto, (max-width: 242px) 100vw, 242px\" \/><\/div><\/div><div class=\"w-separator size_custom\" style=\"height:10px\"><\/div><div class=\"w-text us_custom_08d4e8aa has_text_color\"><span url class=\"w-text-h\"><span class=\"w-text-value\">RECARGA DE SEXTA-FEIRA<\/span><\/span><\/div><div class=\"w-separator size_custom\" style=\"height:10px\"><\/div><div class=\"w-text us_custom_051de6fb has_text_color\"><span url class=\"w-text-h\"><span class=\"w-text-value\">Separa teus dep\u00f3sitos para serem realizados sempre \u00e0s sextas-feiras e veja a PariPesa dobrar seu dep\u00f3sito at\u00e9 o limite de 100 euros.<\/span><\/span><\/div><div class=\"w-separator size_custom\" style=\"height:20px\"><\/div><div class=\"w-btn-wrapper align_center\"><a class=\"w-btn us-btn-style_1 us_custom_d5c74bc1\" href=\"https:\/\/paripesalive.com\/go\/bonus\"><span class=\"w-btn-label\">INSCREVER-SE<\/span><\/a><\/div><\/div><\/div><\/div><\/div><div class=\"w-separator size_custom\" style=\"height:30px\"><\/div><div class=\"w-text us_custom_350bed38 has_text_color\"><span url class=\"w-text-h\"><span class=\"w-text-value\">DINHEIRO EXTRA PARA NOVOS UTILIZADORES<\/span><\/span><\/div><div class=\"w-separator size_custom\" style=\"height:30px\"><\/div><div class=\"wpb_text_column us_custom_6df4bc3a has_text_color\"><div class=\"wpb_wrapper\"><p>A principal categoria de b\u00f3nus no site da PariPesa e tamb\u00e9m dos outros sites de apostas \u00e9 sem d\u00favida a de boas-vindas. Alguns sites at\u00e9 oferecem b\u00f3nus de registo, mas geralmente muito pequenos, de modo que os b\u00f3nus de dep\u00f3sito s\u00e3o os mais comuns para novos utilizadores. E existem 2 excelentes b\u00f3nus de boas-vindas da PariPesa.<\/p>\n<\/div><\/div><div class=\"w-separator size_custom\" style=\"height:30px\"><\/div><div class=\"w-text us_custom_350bed38 has_text_color\"><span url class=\"w-text-h\"><span class=\"w-text-value\">OFERTA DE BOAS-VINDAS PARA JOGAR NO CASINO<\/span><\/span><\/div><div class=\"w-separator size_custom\" style=\"height:30px\"><\/div><div class=\"wpb_text_column us_custom_6df4bc3a has_text_color\"><div class=\"wpb_wrapper\"><p>O primeiro a se destacar aqui no texto \u00e9 o b\u00f3nus do casino, que premia os novos registados com um b\u00f3nus igual ao valor depositado, portanto, caso seu dep\u00f3sito inicial seja de 200 EUR, voc\u00ea ter\u00e1 400 EUR \u00e0 disposi\u00e7\u00e3o para apostar em qualquer um dos milhares de jogos de casino disponibilizados pela PariPesa. Vale destacar que o limite \u00e9 de 300 euros, ou seja, se depositar mais que isso, 750 euros por exemplo, ainda assim o b\u00f3nus ser\u00e1 de 300EUR.<\/p>\n<\/div><\/div><div class=\"w-separator size_custom\" style=\"height:30px\"><\/div><div class=\"w-text us_custom_350bed38 has_text_color\"><span url class=\"w-text-h\"><span class=\"w-text-value\">OFERTA DE BOAS-VINDAS PARA DESPORTOS<\/span><\/span><\/div><div class=\"w-separator size_custom\" style=\"height:30px\"><\/div><div class=\"wpb_text_column us_custom_6df4bc3a has_text_color\"><div class=\"wpb_wrapper\"><p>O outro destaque \u00e9 o b\u00f3nus de apostas desportivas, este, assim como o destinado ao casino, tamb\u00e9m recompensa os novos apostadores com um b\u00f3nus de 100%. Entretanto, para esta categoria de jogo o b\u00f3nus m\u00e1ximo \u00e9 de 100 euros.<\/p>\n<\/div><\/div><div class=\"w-separator size_custom\" style=\"height:30px\"><\/div><div class=\"w-text us_custom_350bed38 has_text_color\"><span url class=\"w-text-h\"><span class=\"w-text-value\">OFERTAS PROMOCIONAIS USANDO C\u00d3DIGOS DE B\u00d3NUS<\/span><\/span><\/div><div class=\"w-separator size_custom\" style=\"height:30px\"><\/div><div class=\"wpb_text_column us_custom_6df4bc3a has_text_color\"><div class=\"wpb_wrapper\"><p>Algo que tamb\u00e9m \u00e9 muito comum em sites de apostas \u00e9 usar c\u00f3digos de dep\u00f3sito para oferecer promo\u00e7\u00f5es como apostas extras e tamb\u00e9m giros gr\u00e1tis, al\u00e9m de valores em dinheiro mesmo. Infelizmente no momento da escrita deste artigo n\u00e3o h\u00e1 ofertas com c\u00f3digos de b\u00f3nus PariPesa dispon\u00edveis.<\/p>\n<p>Por\u00e9m, ainda assim vale a pena acompanhar de perto a p\u00e1gina de promo\u00e7\u00f5es da PariPesa, pois eles contam com um \u00f3timo n\u00famero de promo\u00e7\u00f5es, que \u00e9 atualizado com bastante frequ\u00eancia. Portanto, \u00e9 bem prov\u00e1vel que sejam lan\u00e7adas novas campanhas oferecendo PariPesa promo codes para os apostadores.<\/p>\n<\/div><\/div><div class=\"w-separator size_custom\" style=\"height:30px\"><\/div><div class=\"w-text us_custom_350bed38 has_text_color\"><span url class=\"w-text-h\"><span class=\"w-text-value\">B\u00d3NUS SEMANAIS DA PariPesa<\/span><\/span><\/div><div class=\"w-separator size_custom\" style=\"height:30px\"><\/div><div class=\"wpb_text_column us_custom_6df4bc3a has_text_color\"><div class=\"wpb_wrapper\"><p>Se faltam b\u00f3nus com c\u00f3digo no momento, a PariPesa compensa muito bem com os b\u00f3nus semanais. Atualmente h\u00e1 dois b\u00f3nus de apostas nesta categoria, s\u00e3o eles:<\/p>\n<\/div><\/div><div class=\"w-separator size_custom\" style=\"height:30px\"><\/div><div class=\"w-text us_custom_350bed38 has_text_color\"><span url class=\"w-text-h\"><span class=\"w-text-value\">CORRIDA SEMANAL PariPesa<\/span><\/span><\/div><div class=\"w-separator size_custom\" style=\"height:30px\"><\/div><div class=\"wpb_text_column us_custom_6df4bc3a has_text_color\"><div class=\"wpb_wrapper\"><p>Este \u00e9 um b\u00f3nus exclusivo para jogadores de slots (ca\u00e7a-n\u00edqueis). Ao apostar em qualquer slot voc\u00ea j\u00e1 est\u00e1 pontuando, ao ritmo de 100 pontos a cada euro apostado, independente do resultado das rodadas. Portanto, basta jogar o m\u00e1ximo poss\u00edvel para ter mais chances de ganhar.<\/p>\n<p>Ao final de cada semana os apostadores s\u00e3o ranqueados de acordo com os valores gastos. E o maior apostador da semana ganha incr\u00edveis 1500 euros de b\u00f3nus. Mas at\u00e9 quem n\u00e3o aposta tanto assim tem chances de ganhar, pois os 100 melhores do ranking ganham algum pr\u00eamio, mesmo que pequeno.<\/p>\n<\/div><\/div><div class=\"w-separator size_custom\" style=\"height:30px\"><\/div><div class=\"w-text us_custom_350bed38 has_text_color\"><span url class=\"w-text-h\"><span class=\"w-text-value\">RECARGA DE SEXTA-FEIRA<\/span><\/span><\/div><div class=\"w-separator size_custom\" style=\"height:30px\"><\/div><div class=\"wpb_text_column us_custom_6df4bc3a has_text_color\"><div class=\"wpb_wrapper\"><p>O segundo b\u00f3nus semanal a destacar da PariPesa \u00e9 o Recarga de Sexta. Nesta promo\u00e7\u00e3o voc\u00ea ganha 100% do valor de qualquer dep\u00f3sito r\u00e1pido feito em uma sexta-feira. \u00c9 realmente uma \u00f3tima oportunidade para ter um valor extra para fazer apostas com dinheiro real nos fins de semana. O limite do b\u00f3nus desta oferta \u00e9 de 100 euros.<\/p>\n<\/div><\/div><div class=\"w-separator size_custom\" style=\"height:30px\"><\/div><div class=\"w-text us_custom_350bed38 has_text_color\"><span url class=\"w-text-h\"><span class=\"w-text-value\">TERMOS, CONDI\u00c7\u00d5ES E REQUISITOS DE APOSTAS NA PariPesa<\/span><\/span><\/div><div class=\"w-separator size_custom\" style=\"height:30px\"><\/div><div class=\"wpb_text_column us_custom_6df4bc3a has_text_color\"><div class=\"wpb_wrapper\"><p>Os termos ou requisitos de apostas s\u00e3o simplesmente regras de b\u00f3nus, um recurso utilizado pelos sites do ramo de apostas para garantir o uso justo dos b\u00f3nus por parte dos apostadores. Cada promo\u00e7\u00e3o tem suas regras pr\u00f3prias, tais como valor de dep\u00f3sito m\u00ednimo, rollover, restri\u00e7\u00f5es para um ou outro m\u00e9todo de dep\u00f3sito etc.<\/p>\n<p>Mas o principal requisito \u00e9 mesmo o de rollover. Esta palavra representa um n\u00famero, e este determina quantas vezes \u00e9 preciso apostar o valor recebido de b\u00f3nus antes de levantar fundos da sua conta. Nas melhores ofertas da PariPesa, as exig\u00eancias de rollover s\u00e3o as seguintes:<\/p>\n<p>&#8211; Boas-vindas de desportos: 5x em apostas de aculumador e odds m\u00ednimas de 1.40.<\/p>\n<p>&#8211; Boas-vindas do casino: 50 vezes.<\/p>\n<p>&#8211; Corrida semanal: Sem rollover!<\/p>\n<p>&#8211; Recarga de sexta: 3x em apostas de acumulador em at\u00e9 24 horas, odds m\u00ednimas de 1.40.<\/p>\n<\/div><\/div><div class=\"w-separator size_custom\" style=\"height:30px\"><\/div><div class=\"w-btn-wrapper align_center\"><a class=\"w-btn us-btn-style_1 us_custom_d5c74bc1\" href=\"https:\/\/paripesalive.com\/go\/bonus\"><span class=\"w-btn-label\">INSCREVER-SE<\/span><\/a><\/div><div class=\"w-separator size_custom\" style=\"height:30px\"><\/div><div class=\"w-text us_custom_350bed38 has_text_color\"><span url class=\"w-text-h\"><span class=\"w-text-value\">PERGUNTAS FREQUENTES<\/span><\/span><\/div><div class=\"w-separator size_custom\" style=\"height:30px\"><\/div><div class=\"w-tabs us_custom_3fbb5980 has_text_color style_default switch_click accordion has_scrolling\" style=\"--sections-title-size:22px\"><div class=\"w-tabs-sections titles-align_none icon_chevron cpos_right\"><div class=\"w-tabs-section\" id=\"ya0f\"><button class=\"w-tabs-section-header\" aria-controls=\"content-ya0f\" aria-expanded=\"false\"><div class=\"w-tabs-section-title\">TEM ALGUM B\u00d3NUS SEM DEP\u00d3SITO PARA COME\u00c7AR A APOSTAR NA PariPesa?<\/div><div class=\"w-tabs-section-control\"><\/div><\/button><div  class=\"w-tabs-section-content\" id=\"content-ya0f\"><div class=\"w-tabs-section-content-h i-cf\"><div class=\"wpb_text_column us_custom_dcb976c1 has_text_color\"><div class=\"wpb_wrapper\"><p>No momento n\u00e3o, todas as ofertas para novos apostadores na PariPesa s\u00e3o b\u00f3nus de dep\u00f3sito, portanto, sem um b\u00f3nus de registo PariPesa actualmente.<\/p>\n<\/div><\/div><\/div><\/div><\/div><div class=\"w-tabs-section\" id=\"nb7f\"><button class=\"w-tabs-section-header\" aria-controls=\"content-nb7f\" aria-expanded=\"false\"><div class=\"w-tabs-section-title\">COMO POSSO APOSTAR OS B\u00d3NUS OBTIDOS NA PariPesa?<\/div><div class=\"w-tabs-section-control\"><\/div><\/button><div  class=\"w-tabs-section-content\" id=\"content-nb7f\"><div class=\"w-tabs-section-content-h i-cf\"><div class=\"wpb_text_column us_custom_dcb976c1 has_text_color\"><div class=\"wpb_wrapper\"><p>Basta acessar o jogo de sua prefer\u00eancia e selecionar as odds (quando for colocar um palpite em apostas desportivas) ou selecionar um slot, roleta ou outro jogo de casino (quando for usar os b\u00f3nus de casino). Coloque o valor que deseja apostar que automaticamente ser\u00e1 descontado do seu saldo de b\u00f3nus.<\/p>\n<\/div><\/div><\/div><\/div><\/div><div class=\"w-tabs-section\" id=\"hcf9\"><button class=\"w-tabs-section-header\" aria-controls=\"content-hcf9\" aria-expanded=\"false\"><div class=\"w-tabs-section-title\">\u00c9 POSS\u00cdVEL GANHAR DINHEIRO REAL APOSTANDO COM B\u00d3NUS NA PariPesa?<\/div><div class=\"w-tabs-section-control\"><\/div><\/button><div  class=\"w-tabs-section-content\" id=\"content-hcf9\"><div class=\"w-tabs-section-content-h i-cf\"><div class=\"wpb_text_column us_custom_dcb976c1 has_text_color\"><div class=\"wpb_wrapper\"><p>Sim, al\u00e9m do valor de b\u00f3nus que voc\u00ea ganha em cada promo\u00e7\u00e3o, como os 300 euros do b\u00f3nus de boas-vindas do casino, por exemplo, voc\u00ea pode usar este saldo extra para ir apostando e obter ganhos enquanto a sorte estiver do seu lado.<\/p>\n<\/div><\/div><\/div><\/div><\/div><\/div><\/div><div class=\"w-separator size_custom\" style=\"height:50px\"><\/div><\/div><\/div><\/div><\/div><\/section>\n","protected":false},"excerpt":{"rendered":"PariPesa B\u00d4NUS E C\u00d3DIGOS PROMOCIONAISINSCREVER-SEFUTEBOLBASQUETEBOLH\u00d3QUEIRUGBYESPORTSREVIS\u00c3O SOBRE OS B\u00d4NUS PariPesa EM PORTUGALAlgo que j\u00e1 h\u00e1 alguns anos vem se mostrando um casamento perfeito \u00e9 a jun\u00e7\u00e3o de b\u00f3nus e sites de apostas. Prova disso \u00e9 que praticamente 100 por cento dos casinos online t\u00eam alguma oferta de b\u00f3nus. E o PariPesa bonus \u00e9 um dos melhores...","protected":false},"author":1,"featured_media":0,"parent":0,"menu_order":0,"comment_status":"closed","ping_status":"closed","template":"","meta":{"footnotes":""},"class_list":["post-581","page","type-page","status-publish","hentry"],"_links":{"self":[{"href":"https:\/\/paripesalive.com\/pt-pt\/wp-json\/wp\/v2\/pages\/581","targetHints":{"allow":["GET"]}}],"collection":[{"href":"https:\/\/paripesalive.com\/pt-pt\/wp-json\/wp\/v2\/pages"}],"about":[{"href":"https:\/\/paripesalive.com\/pt-pt\/wp-json\/wp\/v2\/types\/page"}],"author":[{"embeddable":true,"href":"https:\/\/paripesalive.com\/pt-pt\/wp-json\/wp\/v2\/users\/1"}],"replies":[{"embeddable":true,"href":"https:\/\/paripesalive.com\/pt-pt\/wp-json\/wp\/v2\/comments?post=581"}],"version-history":[{"count":9,"href":"https:\/\/paripesalive.com\/pt-pt\/wp-json\/wp\/v2\/pages\/581\/revisions"}],"predecessor-version":[{"id":765,"href":"https:\/\/paripesalive.com\/pt-pt\/wp-json\/wp\/v2\/pages\/581\/revisions\/765"}],"wp:attachment":[{"href":"https:\/\/paripesalive.com\/pt-pt\/wp-json\/wp\/v2\/media?parent=581"}],"curies":[{"name":"wp","href":"https:\/\/api.w.org\/{rel}","templated":true}]}}