{"id":618,"date":"2023-09-03T15:51:10","date_gmt":"2023-09-03T12:51:10","guid":{"rendered":"https:\/\/paripesalive.com\/?page_id=618"},"modified":"2024-05-27T15:13:11","modified_gmt":"2024-05-27T12:13:11","slug":"app","status":"publish","type":"page","link":"https:\/\/paripesalive.com\/pt-pt\/app\/","title":{"rendered":"PariPesa APP"},"content":{"rendered":"<section class=\"l-section wpb_row height_auto width_custom with_img\" style=\"--site-content-width:1100px;\"><div class=\"l-section-img\" role=\"img\" data-img-width=\"925\" data-img-height=\"424\" style=\"background-image: url(https:\/\/paripesalive.com\/wp-content\/uploads\/2023\/09\/22bet-br-1.jpg);\"><\/div><div class=\"l-section-overlay\" style=\"background:rgba(0,0,0,0.20)\"><\/div><div class=\"l-section-h i-cf\"><div class=\"g-cols vc_row via_grid cols_1 laptops-cols_inherit tablets-cols_inherit mobiles-cols_1 valign_top type_default stacking_default\"><div class=\"wpb_column vc_column_container\"><div class=\"vc_column-inner\"><div class=\"g-cols wpb_row us_custom_a9fd8ff6 via_grid cols_2-1 laptops-cols_inherit tablets-cols_inherit mobiles-cols_1 valign_bottom type_default stacking_default\"><div class=\"wpb_column vc_column_container\"><div class=\"vc_column-inner\"><\/div><\/div><div class=\"wpb_column vc_column_container us_custom_69dd7e81 has_bg_color\"><div class=\"vc_column-inner\"><div class=\"w-separator size_custom\" style=\"height:30px\"><\/div><div class=\"w-text us_custom_36183122 has_text_color\"><span url class=\"w-text-h\"><span class=\"w-text-value\">PariPesa APP<\/span><\/span><\/div><div class=\"w-separator size_custom\" style=\"height:30px\"><\/div><div class=\"w-btn-wrapper align_left\"><a class=\"w-btn us-btn-style_1 us_custom_d5c74bc1\" href=\"https:\/\/paripesalive.com\/go\/bonus\"><span class=\"w-btn-label\">INSCREVER-SE<\/span><\/a><\/div><div class=\"w-separator size_custom\" style=\"height:30px\"><\/div><\/div><\/div><\/div><\/div><\/div><\/div><\/div><\/section><section class=\"l-section wpb_row height_auto width_custom with_img\" style=\"--site-content-width:1100px;\"><div class=\"l-section-img\" role=\"img\" data-img-width=\"925\" data-img-height=\"424\" style=\"background-image: url(https:\/\/paripesalive.com\/wp-content\/uploads\/2023\/09\/22bet-br-1.jpg);\"><\/div><div class=\"l-section-overlay\" style=\"background:rgba(0,0,0,0.20)\"><\/div><div class=\"l-section-h i-cf\"><div class=\"g-cols vc_row via_grid cols_1 laptops-cols_inherit tablets-cols_inherit mobiles-cols_1 valign_top type_default stacking_default\"><div class=\"wpb_column vc_column_container\"><div class=\"vc_column-inner\"><div class=\"w-hwrapper valign_top wrap stack_on_mobiles align_center\" style=\"--hwrapper-gap:0px\"><div class=\"w-btn-wrapper align_center\"><a class=\"w-btn us-btn-style_4 us_custom_e645dbf4 icon_atleft\" href=\"https:\/\/paripesalive.com\/go\/bonus\"><i class=\"far fa-futbol\"><\/i><span class=\"w-btn-label\">FUTEBOL<\/span><\/a><\/div><div class=\"w-btn-wrapper align_center\"><a class=\"w-btn us-btn-style_4 us_custom_ef548e81 icon_atleft\" href=\"https:\/\/paripesalive.com\/go\/bonus\"><i class=\"far fa-basketball-ball\"><\/i><span class=\"w-btn-label\">BASQUETEBOL<\/span><\/a><\/div><div class=\"w-btn-wrapper align_center\"><a class=\"w-btn us-btn-style_4 us_custom_2d395f04 icon_atleft\" href=\"https:\/\/paripesalive.com\/go\/bonus\"><i class=\"far fa-hockey-sticks\"><\/i><span class=\"w-btn-label\">H\u00d3QUEI<\/span><\/a><\/div><div class=\"w-btn-wrapper align_center\"><a class=\"w-btn us-btn-style_4 us_custom_2d395f04 icon_atleft\" href=\"https:\/\/paripesalive.com\/go\/bonus\"><i class=\"far fa-football-ball\"><\/i><span class=\"w-btn-label\">RUGBY<\/span><\/a><\/div><div class=\"w-btn-wrapper align_center\"><a class=\"w-btn us-btn-style_4 us_custom_e645dbf4 icon_atleft\" href=\"https:\/\/paripesalive.com\/go\/bonus\"><i class=\"far fa-gamepad-alt\"><\/i><span class=\"w-btn-label\">ESPORTS<\/span><\/a><\/div><\/div><\/div><\/div><\/div><\/div><\/section><section class=\"l-section wpb_row us_custom_ed6495de height_auto width_custom\" style=\"--site-content-width:1100px;\"><div class=\"l-section-h i-cf\"><div class=\"g-cols vc_row via_grid cols_1 laptops-cols_inherit tablets-cols_inherit mobiles-cols_1 valign_top type_default stacking_default\"><div class=\"wpb_column vc_column_container\"><div class=\"vc_column-inner\"><div class=\"w-separator size_custom\" style=\"height:30px\"><\/div><div class=\"wpb_text_column us_custom_6df4bc3a has_text_color\"><div class=\"wpb_wrapper\"><p>Com o passar do tempo, a casa de apostas PariPesa est\u00e1 se tornando cada vez mais relevante na ind\u00fastria de apostas. Caso voc\u00ea j\u00e1 tenha acessado o site da plataforma, deve ter percebido que a empresa tem muito a oferecer com rela\u00e7\u00e3o ao mundo dos eventos desportivos e de casino tamb\u00e9m.<\/p>\n<p>Al\u00e9m disso, a empresa tamb\u00e9m disponibilizou o acesso ao app, trazendo uma experi\u00eancia bastante pr\u00e1tica e confort\u00e1vel para quem \u00e9 apostador. Ent\u00e3o, se estiver procurando variedade, o PariPesa app \u00e9 uma \u00f3tima op\u00e7\u00e3o para voc\u00ea, pois a plataforma \u00e9 incompar\u00e1vel a tudo que voc\u00ea j\u00e1 viu nesse setor.<\/p>\n<p>Com a PariPesa aplica\u00e7\u00e3o, voc\u00ea consegue apostar nos principais esportes como futebol, basquete, futebol americano, golfe, t\u00eanis, por exemplo. Por\u00e9m, algo que tamb\u00e9m diferencia o aplicativo \u00e9 a capacidade em apostar em esportes menores, que talvez voc\u00ea n\u00e3o consiga encontrar em outras casas de apostas online. Com isso, neste artigo iremos mostrar detalhadamente todos os recursos da PariPesa apk para Android e tamb\u00e9m para iOS, continue acompanhando e saiba mais!<\/p>\n<\/div><\/div><div class=\"w-separator size_custom\" style=\"height:30px\"><\/div><div class=\"w-text us_custom_350bed38 has_text_color\"><span url class=\"w-text-h\"><span class=\"w-text-value\">APLICATIVO M\u00d3VEL PARA DISPOSITIVOS ANDROID<\/span><\/span><\/div><div class=\"w-separator size_custom\" style=\"height:30px\"><\/div><div class=\"wpb_text_column us_custom_6df4bc3a has_text_color\"><div class=\"wpb_wrapper\"><p>Infelizmente, ainda n\u00e3o \u00e9 poss\u00edvel fazer o download diretamente da sua Play Store, por\u00e9m, voc\u00ea pode baixar o aplicativo acessando o site oficial da plataforma, sendo muito processo muito f\u00e1cil e simples.<\/p>\n<p>Lembrando que \u00e9 muito importante que voc\u00ea verifique se realmente est\u00e1 navegando no site correto. Feito isso, toque em \u201cAplica\u00e7\u00f5es para telem\u00f3vel PariPesa\u201d, que fica \u00e0 direita da p\u00e1gina inicial. Depois, voc\u00ea ser\u00e1 direcionado para outra p\u00e1gina onde poder\u00e1 seguir as instru\u00e7\u00f5es para a instala\u00e7\u00e3o.<\/p>\n<\/div><\/div><div class=\"w-separator size_custom\" style=\"height:30px\"><\/div><div class=\"w-text us_custom_350bed38 has_text_color\"><span url class=\"w-text-h\"><span class=\"w-text-value\">COMO BAIXAR O APLICATIVO NO ANDROID<\/span><\/span><\/div><div class=\"w-separator size_custom\" style=\"height:30px\"><\/div><div class=\"wpb_text_column us_custom_6df4bc3a has_text_color\"><div class=\"wpb_wrapper\"><ol>\n<li>Quando a p\u00e1gina carregar, clique em \u201cDescarregar aplica\u00e7\u00e3o para Android\u201d;<\/li>\n<li>Em seguida, voc\u00ea poder\u00e1 clicar em \u201cOK\u201d para a instala\u00e7\u00e3o ser iniciada;<\/li>\n<li>Feito isso, o arquivo ser\u00e1 baixado em seu dispositivo m\u00f3vel e deve clicar em \u201cAbrir\u201d;<\/li>\n<li>Depois, acesse as \u201cConfigura\u00e7\u00f5es\u201d do seu celular atrav\u00e9s da janela pop-up e permita que fontes desconhecidas sejam instaladas;<\/li>\n<li>Agora, retorne \u00e0 tela inicial e clique em \u201cInstalar\u201d;<\/li>\n<li>Por fim, depois que a instala\u00e7\u00e3o for feita, voc\u00ea pode clicar novamente em \u201cAbrir\u201d e come\u00e7ar a navegar pelo seu PariPesa aplica\u00e7\u00e3o.<\/li>\n<\/ol>\n<p>O PariPesa m\u00f3vel n\u00e3o exige que voc\u00ea fa\u00e7a um novo cadastro apenas para poder acessar o aplicativo, ent\u00e3o voc\u00ea pode utilizar os mesmos dados da conta utilizada para acessar o site pelo computador.<\/p>\n<\/div><\/div><div class=\"w-separator size_custom\" style=\"height:30px\"><\/div><div class=\"w-text us_custom_350bed38 has_text_color\"><span url class=\"w-text-h\"><span class=\"w-text-value\">APLICATIVO M\u00d3VEL PARA DISPOSITIVOS IOS<\/span><\/span><\/div><div class=\"w-separator size_custom\" style=\"height:30px\"><\/div><div class=\"wpb_text_column us_custom_6df4bc3a has_text_color\"><div class=\"wpb_wrapper\"><p>Para os usu\u00e1rios do sistema operacional iOS, o processo de instala\u00e7\u00e3o \u00e9 ainda mais f\u00e1cil, n\u00e3o sendo necess\u00e1rio baixar manualmente. Com isso, abra a sua App Store e na lupa de pesquisas digite o nome do aplicativo.<\/p>\n<p>Mas vale ressaltar que a aplica\u00e7\u00e3o m\u00f3vel est\u00e1 dispon\u00edvel apenas para algumas regi\u00f5es. Por\u00e9m, h\u00e1 uma maneira que voc\u00ea poder\u00e1 acess\u00e1-la independente da sua origem e vamos te ensinar a como fazer isso. Se voc\u00ea tamb\u00e9m possui uma conta criada anteriormente, depois do aplicativo instalado, basta inserir o seu login e senha, o mesmo utilizado no site da plataforma.<\/p>\n<\/div><\/div><div class=\"w-separator size_custom\" style=\"height:30px\"><\/div><div class=\"w-text us_custom_350bed38 has_text_color\"><span url class=\"w-text-h\"><span class=\"w-text-value\">COMO BAIXAR O APLICATIVO NO IOS<\/span><\/span><\/div><div class=\"w-separator size_custom\" style=\"height:30px\"><\/div><div class=\"wpb_text_column us_custom_6df4bc3a has_text_color\"><div class=\"wpb_wrapper\"><ol>\n<li>No seu celular, acesse suas \u201cConfigura\u00e7\u00f5es\u201d e depois clique no seu \u201cID Apple\u201d;<\/li>\n<li>Agora, voc\u00ea pode clicar em \u201cMeios de comunica\u00e7\u00e3o e compras\u201d;<\/li>\n<li>Depois, localize o seu perfil de compra e clique em \u201cVer conta\u201d;<\/li>\n<li>Agora, preste bastante aten\u00e7\u00e3o, pois caso informe a localidade errada voc\u00ea pode n\u00e3o ter acesso ao aplicativo. Clique em \u201cPa\u00eds ou regi\u00e3o\u201d e mude o seu local para \u201cCanad\u00e1\u201d;<\/li>\n<li>Feito isso, logo abaixo voc\u00ea poder\u00e1 identificar os termos e condi\u00e7\u00f5es do aplicativo. Depois de lido e se voc\u00ea estiver de acordo, clique em \u201cAceitar\u201d;<\/li>\n<li>Agora, aparecer\u00e1 uma tela solicitando que voc\u00ea informe um m\u00e9todo de pagamento. N\u00e3o se preocupe, o aplicativo \u00e9 gratuito e voc\u00ea pode clicar na op\u00e7\u00e3o \u201cNenhum\u201d;<\/li>\n<li>A plataforma indica um endere\u00e7o do Canad\u00e1, ent\u00e3o pode usar e assim voc\u00ea n\u00e3o ter\u00e1 nenhum problema na hora de fazer as suas apostas pelo celular. Depois do endere\u00e7o inserido, o PariPesa app m\u00f3vel j\u00e1 est\u00e1 pronto para ser acessado.<\/li>\n<\/ol>\n<\/div><\/div><div class=\"w-separator size_custom\" style=\"height:30px\"><\/div><div class=\"w-text us_custom_350bed38 has_text_color\"><span url class=\"w-text-h\"><span class=\"w-text-value\">ACESSANDO A PariPesa PORTUGAL PELO NAVEGADOR MOBILE<\/span><\/span><\/div><div class=\"w-separator size_custom\" style=\"height:30px\"><\/div><div class=\"wpb_text_column us_custom_6df4bc3a has_text_color\"><div class=\"wpb_wrapper\"><p>Apesar de a PariPesa permitir que usu\u00e1rios do sistema Android e iOS possam utilizar o aplicativo, tamb\u00e9m h\u00e1 uma vers\u00e3o do site m\u00f3vel, n\u00e3o sendo necess\u00e1rio realizar qualquer instala\u00e7\u00e3o no seu dispositivo.<\/p>\n<p>Com a vers\u00e3o website m\u00f3vel, o jogador pode ter uma experi\u00eancia super agrad\u00e1vel tamb\u00e9m, gra\u00e7as a uma funcionalidade m\u00f3vel bastante abrangente e bem executada, no qual pode ser acessado apenas visitando o site. Depois de fazer o login no seu app web, a plataforma tamb\u00e9m possibilita que o apostador crie um atalho em seu celular ou marcar a p\u00e1gina como favorita, facilitando o acesso no futuro.<\/p>\n<\/div><\/div><div class=\"w-separator size_custom\" style=\"height:30px\"><\/div><div class=\"w-text us_custom_350bed38 has_text_color\"><span url class=\"w-text-h\"><span class=\"w-text-value\">APOSTAS DESPORTIVAS PELO CELULAR<\/span><\/span><\/div><div class=\"w-separator size_custom\" style=\"height:30px\"><\/div><div class=\"wpb_text_column us_custom_6df4bc3a has_text_color\"><div class=\"wpb_wrapper\"><p>A praticidade do aplicativo \u00e9 bastante impressionante e oferece acesso a uma grande variedade de desportos. O app da PariPesa supera a maioria das expectativas, pois oferece v\u00e1rias op\u00e7\u00f5es de apostas para eventos desportivos como futebol, basquete, t\u00eanis de mesa, entre outros.<\/p>\n<p>Com isso, \u00e9 quase imposs\u00edvel perceber alguma diferen\u00e7a entre o site e o aplicativo, j\u00e1 que voc\u00ea ter\u00e1 acesso \u00e0s mesmas op\u00e7\u00f5es de apostas desportivas como se acessando a vers\u00e3o web, por exemplo.<\/p>\n<\/div><\/div><div class=\"w-separator size_custom\" style=\"height:30px\"><\/div><div class=\"w-text us_custom_350bed38 has_text_color\"><span url class=\"w-text-h\"><span class=\"w-text-value\">CASINO M\u00d3VEL NA PLATAFORMA MOBILE DA PariPesa<\/span><\/span><\/div><div class=\"w-separator size_custom\" style=\"height:30px\"><\/div><div class=\"wpb_text_column us_custom_6df4bc3a has_text_color\"><div class=\"wpb_wrapper\"><p>O aplicativo m\u00f3vel n\u00e3o possui op\u00e7\u00f5es apenas para eventos desportivos, mas h\u00e1 op\u00e7\u00f5es de jogos de casinos tamb\u00e9m. A cole\u00e7\u00e3o de jogos inclui a maioria das categorias, que v\u00e3o desde ca\u00e7a-n\u00edqueis (slots) a jogos de mesa como blackjack, baccarat e roleta.<\/p>\n<p>Al\u00e9m disso, os entusiastas dos jogos de casino m\u00f3vel conseguem encontrar milhares de t\u00edtulos de desenvolvedores de renome como NetEnt, Microgaming, Pragmatic Play e Play\u2019n Go e diversos outros.<\/p>\n<\/div><\/div><div class=\"w-separator size_custom\" style=\"height:30px\"><\/div><div class=\"w-text us_custom_350bed38 has_text_color\"><span url class=\"w-text-h\"><span class=\"w-text-value\">M\u00c9TODOS DE PAGAMENTO PARA DEP\u00d3SITOS E LEVANTAMENTOS<\/span><\/span><\/div><div class=\"w-separator size_custom\" style=\"height:30px\"><\/div><div class=\"wpb_text_column us_custom_6df4bc3a has_text_color\"><div class=\"wpb_wrapper\"><p>Os servi\u00e7os oferecidos pela casa de apostas da PariPesa s\u00e3o muito completos, fornecendo uma camada extra quando o assunto s\u00e3o op\u00e7\u00f5es de pagamento. As mesmas formas de dep\u00f3sito dispon\u00edveis no site como cart\u00f5es Visa e Mastercard, Neteller e Skrill, tamb\u00e9m podem ser usados no seu telem\u00f3vel.<\/p>\n<p>Lembrando que dependendo da op\u00e7\u00e3o escolhida na hora de fazer o seu pagamento, o valor m\u00ednimo pode mudar. Com isso, sugerimos que acesse o site ou o app de apostas e consulte os valores de acordo com o m\u00e9todo de pagamento que for mais conveniente para voc\u00ea.<\/p>\n<\/div><\/div><div class=\"w-separator size_custom\" style=\"height:30px\"><\/div><div class=\"w-btn-wrapper align_center\"><a class=\"w-btn us-btn-style_1 us_custom_d5c74bc1\" href=\"https:\/\/paripesalive.com\/go\/bonus\"><span class=\"w-btn-label\">INSCREVER-SE<\/span><\/a><\/div><div class=\"w-separator size_custom\" style=\"height:30px\"><\/div><div class=\"w-text us_custom_350bed38 has_text_color\"><span url class=\"w-text-h\"><span class=\"w-text-value\">AS D\u00daVIDAS MAIS COMUNS<\/span><\/span><\/div><div class=\"w-separator size_custom\" style=\"height:30px\"><\/div><div class=\"w-tabs us_custom_3fbb5980 has_text_color style_default switch_click accordion has_scrolling\" style=\"--sections-title-size:22px\"><div class=\"w-tabs-sections titles-align_none icon_chevron cpos_right\"><div class=\"w-tabs-section\" id=\"ecc3\"><button class=\"w-tabs-section-header\" aria-controls=\"content-ecc3\" aria-expanded=\"false\"><div class=\"w-tabs-section-title\">CONSIGO JOGAR TODA A LISTA DE JOGOS DA PariPesa NA VERS\u00c3O DO SITE M\u00d3VEL?<\/div><div class=\"w-tabs-section-control\"><\/div><\/button><div  class=\"w-tabs-section-content\" id=\"content-ecc3\"><div class=\"w-tabs-section-content-h i-cf\"><div class=\"wpb_text_column us_custom_dcb976c1 has_text_color\"><div class=\"wpb_wrapper\"><p>Sim, os mesmos jogos dispon\u00edveis no site tamb\u00e9m podem ser acessados no seu dispositivo m\u00f3vel.<\/p>\n<\/div><\/div><\/div><\/div><\/div><div class=\"w-tabs-section\" id=\"fd9c\"><button class=\"w-tabs-section-header\" aria-controls=\"content-fd9c\" aria-expanded=\"false\"><div class=\"w-tabs-section-title\">CONSIGO USAR A MESMA CONTA PARA SITE E APLICATIVO?<\/div><div class=\"w-tabs-section-control\"><\/div><\/button><div  class=\"w-tabs-section-content\" id=\"content-fd9c\"><div class=\"w-tabs-section-content-h i-cf\"><div class=\"wpb_text_column us_custom_dcb976c1 has_text_color\"><div class=\"wpb_wrapper\"><p>Sim, no aplicativo n\u00e3o \u00e9 necess\u00e1rio criar uma nova conta.<\/p>\n<\/div><\/div><\/div><\/div><\/div><\/div><\/div><div class=\"w-separator size_custom\" style=\"height:50px\"><\/div><\/div><\/div><\/div><\/div><\/section>\n","protected":false},"excerpt":{"rendered":"PariPesa APPINSCREVER-SEFUTEBOLBASQUETEBOLH\u00d3QUEIRUGBYESPORTSCom o passar do tempo, a casa de apostas PariPesa est\u00e1 se tornando cada vez mais relevante na ind\u00fastria de apostas. Caso voc\u00ea j\u00e1 tenha acessado o site da plataforma, deve ter percebido que a empresa tem muito a oferecer com rela\u00e7\u00e3o ao mundo dos eventos desportivos e de casino tamb\u00e9m. Al\u00e9m disso, a...","protected":false},"author":1,"featured_media":0,"parent":0,"menu_order":0,"comment_status":"closed","ping_status":"closed","template":"","meta":{"footnotes":""},"class_list":["post-618","page","type-page","status-publish","hentry"],"_links":{"self":[{"href":"https:\/\/paripesalive.com\/pt-pt\/wp-json\/wp\/v2\/pages\/618","targetHints":{"allow":["GET"]}}],"collection":[{"href":"https:\/\/paripesalive.com\/pt-pt\/wp-json\/wp\/v2\/pages"}],"about":[{"href":"https:\/\/paripesalive.com\/pt-pt\/wp-json\/wp\/v2\/types\/page"}],"author":[{"embeddable":true,"href":"https:\/\/paripesalive.com\/pt-pt\/wp-json\/wp\/v2\/users\/1"}],"replies":[{"embeddable":true,"href":"https:\/\/paripesalive.com\/pt-pt\/wp-json\/wp\/v2\/comments?post=618"}],"version-history":[{"count":5,"href":"https:\/\/paripesalive.com\/pt-pt\/wp-json\/wp\/v2\/pages\/618\/revisions"}],"predecessor-version":[{"id":766,"href":"https:\/\/paripesalive.com\/pt-pt\/wp-json\/wp\/v2\/pages\/618\/revisions\/766"}],"wp:attachment":[{"href":"https:\/\/paripesalive.com\/pt-pt\/wp-json\/wp\/v2\/media?parent=618"}],"curies":[{"name":"wp","href":"https:\/\/api.w.org\/{rel}","templated":true}]}}